
{"id":65538,"date":"2023-01-27T10:23:39","date_gmt":"2023-01-27T10:23:39","guid":{"rendered":"https:\/\/smfoods.pt\/loja\/produto\/tpfam-topper-feliz-aniversario-mdf-eco-pack-10-unidades\/"},"modified":"2023-03-27T15:49:07","modified_gmt":"2023-03-27T15:49:07","slug":"tpfam-topper-feliz-aniversario-mdf-eco-pack-10-unidades","status":"publish","type":"product","link":"https:\/\/smfoods.pt\/loja\/produto\/tpfam-topper-feliz-aniversario-mdf-eco-pack-10-unidades\/","title":{"rendered":"Topper Feliz Aniversario MDF (eco pack 10 unidades)"},"content":{"rendered":"<p><strong>Observa\u00e7\u00f5es: <\/strong>Material: MDF<br \/>\nDimens\u00f5es: 20 Altura x 14 Largura<\/p>\n","protected":false},"excerpt":{"rendered":"<p>Observa\u00e7\u00f5es: Material: MDF Dimens\u00f5es: 20 Altura x 14 Largura<\/p>\n","protected":false},"featured_media":70168,"template":"","meta":[],"product_cat":[3001],"product_tag":[],"class_list":{"0":"post-65538","1":"product","2":"type-product","3":"status-publish","4":"has-post-thumbnail","6":"product_cat-pastelaria-toppers-bolos","8":"first","9":"onbackorder","10":"taxable","11":"shipping-taxable","12":"product-type-simple","13":"add-to-wishlist-before_image","14":"col-xs-6 col-sm-4","15":"col-md-3 col-lg-3","16":"un-4-cols"},"_links":{"self":[{"href":"https:\/\/smfoods.pt\/loja\/wp-json\/wp\/v2\/product\/65538","targetHints":{"allow":["GET"]}}],"collection":[{"href":"https:\/\/smfoods.pt\/loja\/wp-json\/wp\/v2\/product"}],"about":[{"href":"https:\/\/smfoods.pt\/loja\/wp-json\/wp\/v2\/types\/product"}],"version-history":[{"count":2,"href":"https:\/\/smfoods.pt\/loja\/wp-json\/wp\/v2\/product\/65538\/revisions"}],"predecessor-version":[{"id":71859,"href":"https:\/\/smfoods.pt\/loja\/wp-json\/wp\/v2\/product\/65538\/revisions\/71859"}],"wp:featuredmedia":[{"embeddable":true,"href":"https:\/\/smfoods.pt\/loja\/wp-json\/wp\/v2\/media\/70168"}],"wp:attachment":[{"href":"https:\/\/smfoods.pt\/loja\/wp-json\/wp\/v2\/media?parent=65538"}],"wp:term":[{"taxonomy":"product_cat","embeddable":true,"href":"https:\/\/smfoods.pt\/loja\/wp-json\/wp\/v2\/product_cat?post=65538"},{"taxonomy":"product_tag","embeddable":true,"href":"https:\/\/smfoods.pt\/loja\/wp-json\/wp\/v2\/product_tag?post=65538"}],"curies":[{"name":"wp","href":"https:\/\/api.w.org\/{rel}","templated":true}]}}