
{"id":65566,"date":"2023-01-27T10:24:07","date_gmt":"2023-01-27T10:24:07","guid":{"rendered":"https:\/\/smfoods.pt\/loja\/produto\/v11135-empada-de-alheira-dihor-35x70gr\/"},"modified":"2024-03-04T15:40:06","modified_gmt":"2024-03-04T15:40:06","slug":"v11135-empada-de-alheira-dihor-35x70gr","status":"publish","type":"product","link":"https:\/\/smfoods.pt\/loja\/produto\/v11135-empada-de-alheira-dihor-35x70gr\/","title":{"rendered":"Empada de Alheira DIHOR (35x70gr)"},"content":{"rendered":"<p><strong>Observa\u00e7\u00f5es: <\/strong>MODO DE UTILIZA\u00c7\u00c3O:<br \/>\nCozer 20 minutos, com o fono pr\u00e9-aquecido a 200\u00ba<\/p>\n<p>DESCRI\u00c7\u00c3O DO PRODUTO:<br \/>\nEmpada artesanal com recheio de alheira.<\/p>\n<p>INGREDIENTES:<br \/>\nFarinha de TRIGO, \u00e1gua e margarina. RECHEIO: Alheira, banha de porco, cebola, sal, azeite, alho, salsa, vinagre de vinho.<br \/>\nPode conter vestigios de OVOS, LEITE, e FRUTOS CASACA RIJA.<\/p>\n","protected":false},"excerpt":{"rendered":"<p>Observa\u00e7\u00f5es: MODO DE UTILIZA\u00c7\u00c3O: Cozer 20 minutos, com o fono pr\u00e9-aquecido a 200\u00ba DESCRI\u00c7\u00c3O DO PRODUTO: Empada artesanal com recheio de alheira. INGREDIENTES: Farinha de TRIGO, \u00e1gua e margarina. RECHEIO: Alheira, banha de porco, cebola, sal, azeite, alho, salsa, vinagre de vinho. Pode conter vestigios de OVOS, LEITE, e FRUTOS CASACA RIJA.<\/p>\n","protected":false},"featured_media":70316,"template":"","meta":[],"product_cat":[3075],"product_tag":[],"class_list":{"0":"post-65566","1":"product","2":"type-product","3":"status-publish","4":"has-post-thumbnail","6":"product_cat-frozen-pastelaria-massas-folhadas","8":"first","9":"instock","10":"sale","11":"taxable","12":"shipping-taxable","13":"product-type-simple","14":"add-to-wishlist-before_image","15":"col-xs-6 col-sm-4","16":"col-md-3 col-lg-3","17":"un-4-cols"},"_links":{"self":[{"href":"https:\/\/smfoods.pt\/loja\/wp-json\/wp\/v2\/product\/65566","targetHints":{"allow":["GET"]}}],"collection":[{"href":"https:\/\/smfoods.pt\/loja\/wp-json\/wp\/v2\/product"}],"about":[{"href":"https:\/\/smfoods.pt\/loja\/wp-json\/wp\/v2\/types\/product"}],"version-history":[{"count":2,"href":"https:\/\/smfoods.pt\/loja\/wp-json\/wp\/v2\/product\/65566\/revisions"}],"predecessor-version":[{"id":71312,"href":"https:\/\/smfoods.pt\/loja\/wp-json\/wp\/v2\/product\/65566\/revisions\/71312"}],"wp:featuredmedia":[{"embeddable":true,"href":"https:\/\/smfoods.pt\/loja\/wp-json\/wp\/v2\/media\/70316"}],"wp:attachment":[{"href":"https:\/\/smfoods.pt\/loja\/wp-json\/wp\/v2\/media?parent=65566"}],"wp:term":[{"taxonomy":"product_cat","embeddable":true,"href":"https:\/\/smfoods.pt\/loja\/wp-json\/wp\/v2\/product_cat?post=65566"},{"taxonomy":"product_tag","embeddable":true,"href":"https:\/\/smfoods.pt\/loja\/wp-json\/wp\/v2\/product_tag?post=65566"}],"curies":[{"name":"wp","href":"https:\/\/api.w.org\/{rel}","templated":true}]}}