
{"id":65570,"date":"2023-01-27T10:24:11","date_gmt":"2023-01-27T10:24:11","guid":{"rendered":"https:\/\/smfoods.pt\/loja\/produto\/v16100-crista-de-galo-dihor-42x50gr\/"},"modified":"2024-03-04T15:52:07","modified_gmt":"2024-03-04T15:52:07","slug":"v16100-crista-de-galo-dihor-42x50gr","status":"publish","type":"product","link":"https:\/\/smfoods.pt\/loja\/produto\/v16100-crista-de-galo-dihor-42x50gr\/","title":{"rendered":"Crista de Galo DIHOR (42x50gr)"},"content":{"rendered":"<p><strong>Observa\u00e7\u00f5es: <\/strong>MODO DE UTILIZA\u00c7\u00c3O:<br \/>\nDescongelar as cristas de galo naturalmente (+\/- 30 min) ou aquece-las em forno quente (180 a 200\u00b0C) durante 3 a 4 minutos (apresentam um aspeto brilhante e estaladi\u00e7o). Ficam prontas a consumir. Nunca aquece-las em micro-ondas.<\/p>\n<p>DESCRI\u00c7\u00c3O DO PRODUTO:<br \/>\nProduto em forma de meia-lua recortada, recheado com a jun\u00e7\u00e3o de um doce \u00e0 base de gema de ovos e am\u00eandoa. Trata-se de um doce conventual, elaborado de forma artesanal.<\/p>\n<p>INGREDIENTES:<br \/>\nFarinha de TRIGO, \u00e1gua, OVOS, Am\u00eandoa e a\u00e7\u00facar, gordura natural e sal. Produtos naturais, sem corantes e nem conservantes.<\/p>\n","protected":false},"excerpt":{"rendered":"<p>Observa\u00e7\u00f5es: MODO DE UTILIZA\u00c7\u00c3O: Descongelar as cristas de galo naturalmente (+\/- 30 min) ou aquece-las em forno quente (180 a 200\u00b0C) durante 3 a 4 minutos (apresentam um aspeto brilhante e estaladi\u00e7o). Ficam prontas a consumir. Nunca aquece-las em micro-ondas. DESCRI\u00c7\u00c3O DO PRODUTO: Produto em forma de meia-lua recortada, recheado com a jun\u00e7\u00e3o de um&hellip;<\/p>\n","protected":false},"featured_media":69984,"template":"","meta":[],"product_cat":[3075],"product_tag":[],"class_list":{"0":"post-65570","1":"product","2":"type-product","3":"status-publish","4":"has-post-thumbnail","6":"product_cat-frozen-pastelaria-massas-folhadas","8":"first","9":"instock","10":"sale","11":"taxable","12":"shipping-taxable","13":"product-type-simple","14":"add-to-wishlist-before_image","15":"col-xs-6 col-sm-4","16":"col-md-3 col-lg-3","17":"un-4-cols"},"_links":{"self":[{"href":"https:\/\/smfoods.pt\/loja\/wp-json\/wp\/v2\/product\/65570","targetHints":{"allow":["GET"]}}],"collection":[{"href":"https:\/\/smfoods.pt\/loja\/wp-json\/wp\/v2\/product"}],"about":[{"href":"https:\/\/smfoods.pt\/loja\/wp-json\/wp\/v2\/types\/product"}],"version-history":[{"count":2,"href":"https:\/\/smfoods.pt\/loja\/wp-json\/wp\/v2\/product\/65570\/revisions"}],"predecessor-version":[{"id":71239,"href":"https:\/\/smfoods.pt\/loja\/wp-json\/wp\/v2\/product\/65570\/revisions\/71239"}],"wp:featuredmedia":[{"embeddable":true,"href":"https:\/\/smfoods.pt\/loja\/wp-json\/wp\/v2\/media\/69984"}],"wp:attachment":[{"href":"https:\/\/smfoods.pt\/loja\/wp-json\/wp\/v2\/media?parent=65570"}],"wp:term":[{"taxonomy":"product_cat","embeddable":true,"href":"https:\/\/smfoods.pt\/loja\/wp-json\/wp\/v2\/product_cat?post=65570"},{"taxonomy":"product_tag","embeddable":true,"href":"https:\/\/smfoods.pt\/loja\/wp-json\/wp\/v2\/product_tag?post=65570"}],"curies":[{"name":"wp","href":"https:\/\/api.w.org\/{rel}","templated":true}]}}