
{"id":65572,"date":"2023-01-27T10:24:13","date_gmt":"2023-01-27T10:24:13","guid":{"rendered":"https:\/\/smfoods.pt\/loja\/produto\/v16116-pito-santa-luzia-dihor-35x70gr\/"},"modified":"2024-03-04T15:09:32","modified_gmt":"2024-03-04T15:09:32","slug":"v16116-pito-santa-luzia-dihor-35x70gr","status":"publish","type":"product","link":"https:\/\/smfoods.pt\/loja\/produto\/v16116-pito-santa-luzia-dihor-35x70gr\/","title":{"rendered":"Pito Santa Luzia DIHOR (35x70gr)"},"content":{"rendered":"<p><strong>Observa\u00e7\u00f5es: <\/strong>MODO DE UTILIZA\u00c7\u00c3O: Deixar descongelar 30 minutos a temperatura ambiente.<\/p>\n<p>DESCRI\u00c7\u00c3O DO PRODUTO:<br \/>\nProduto ultracongelado, de formato quadrado, com as pontas unidas ao centro, recheado com doce de ab\u00f3bora e polvilhado com a\u00e7\u00facar em p\u00f3.<\/p>\n<p>INGREDIENTES:<br \/>\nFarinha de TRIGO, polpa de ab\u00f3bora, a\u00e7\u00facar, \u00e1gua, margarina 100% vegetal [\u00f3leo de colza e gordura de palma, \u00e1gua; sal; emulsionantes (lecitina, mono e diglic\u00e9ridos de \u00e1cidos gordos e \u00e9steres de poliglicerol de \u00e1cidos gordos), dextrose; antioxidantes (\u00e9steres de \u00e1cidos gordos do \u00e1cido asc\u00f3rbico, extrato rico em tocofer\u00f3is), aroma, corante (carotenos), regulador de acidez (\u00e1cido c\u00edtrico)], sal.<\/p>\n","protected":false},"excerpt":{"rendered":"<p>Observa\u00e7\u00f5es: MODO DE UTILIZA\u00c7\u00c3O: Deixar descongelar 30 minutos a temperatura ambiente. DESCRI\u00c7\u00c3O DO PRODUTO: Produto ultracongelado, de formato quadrado, com as pontas unidas ao centro, recheado com doce de ab\u00f3bora e polvilhado com a\u00e7\u00facar em p\u00f3. INGREDIENTES: Farinha de TRIGO, polpa de ab\u00f3bora, a\u00e7\u00facar, \u00e1gua, margarina 100% vegetal [\u00f3leo de colza e gordura de palma,&hellip;<\/p>\n","protected":false},"featured_media":69959,"template":"","meta":[],"product_cat":[3075],"product_tag":[],"class_list":{"0":"post-65572","1":"product","2":"type-product","3":"status-publish","4":"has-post-thumbnail","6":"product_cat-frozen-pastelaria-massas-folhadas","8":"first","9":"instock","10":"sale","11":"taxable","12":"shipping-taxable","13":"product-type-simple","14":"add-to-wishlist-before_image","15":"col-xs-6 col-sm-4","16":"col-md-3 col-lg-3","17":"un-4-cols"},"_links":{"self":[{"href":"https:\/\/smfoods.pt\/loja\/wp-json\/wp\/v2\/product\/65572","targetHints":{"allow":["GET"]}}],"collection":[{"href":"https:\/\/smfoods.pt\/loja\/wp-json\/wp\/v2\/product"}],"about":[{"href":"https:\/\/smfoods.pt\/loja\/wp-json\/wp\/v2\/types\/product"}],"version-history":[{"count":2,"href":"https:\/\/smfoods.pt\/loja\/wp-json\/wp\/v2\/product\/65572\/revisions"}],"predecessor-version":[{"id":71202,"href":"https:\/\/smfoods.pt\/loja\/wp-json\/wp\/v2\/product\/65572\/revisions\/71202"}],"wp:featuredmedia":[{"embeddable":true,"href":"https:\/\/smfoods.pt\/loja\/wp-json\/wp\/v2\/media\/69959"}],"wp:attachment":[{"href":"https:\/\/smfoods.pt\/loja\/wp-json\/wp\/v2\/media?parent=65572"}],"wp:term":[{"taxonomy":"product_cat","embeddable":true,"href":"https:\/\/smfoods.pt\/loja\/wp-json\/wp\/v2\/product_cat?post=65572"},{"taxonomy":"product_tag","embeddable":true,"href":"https:\/\/smfoods.pt\/loja\/wp-json\/wp\/v2\/product_tag?post=65572"}],"curies":[{"name":"wp","href":"https:\/\/api.w.org\/{rel}","templated":true}]}}