
{"id":65754,"date":"2023-01-27T10:27:10","date_gmt":"2023-01-27T10:27:10","guid":{"rendered":"https:\/\/smfoods.pt\/loja\/produto\/edp06-decoracoes-em-acucar-halloween-6-unid\/"},"modified":"2024-03-04T15:54:56","modified_gmt":"2024-03-04T15:54:56","slug":"edp06-decoracoes-em-acucar-halloween-6-unid","status":"publish","type":"product","link":"https:\/\/smfoods.pt\/loja\/produto\/edp06-decoracoes-em-acucar-halloween-6-unid\/","title":{"rendered":"Decora\u00e7\u00f5es em a\u00e7\u00facar Halloween 6 unid"},"content":{"rendered":"","protected":false},"excerpt":{"rendered":"","protected":false},"featured_media":70031,"template":"","meta":[],"product_cat":[3066],"product_tag":[],"class_list":{"0":"post-65754","1":"product","2":"type-product","3":"status-publish","4":"has-post-thumbnail","6":"product_cat-pastelaria-flores-e-decoracoes-halloween","8":"first","9":"onbackorder","10":"taxable","11":"shipping-taxable","12":"product-type-simple","13":"add-to-wishlist-before_image","14":"col-xs-6 col-sm-4","15":"col-md-3 col-lg-3","16":"un-4-cols"},"_links":{"self":[{"href":"https:\/\/smfoods.pt\/loja\/wp-json\/wp\/v2\/product\/65754","targetHints":{"allow":["GET"]}}],"collection":[{"href":"https:\/\/smfoods.pt\/loja\/wp-json\/wp\/v2\/product"}],"about":[{"href":"https:\/\/smfoods.pt\/loja\/wp-json\/wp\/v2\/types\/product"}],"version-history":[{"count":0,"href":"https:\/\/smfoods.pt\/loja\/wp-json\/wp\/v2\/product\/65754\/revisions"}],"wp:featuredmedia":[{"embeddable":true,"href":"https:\/\/smfoods.pt\/loja\/wp-json\/wp\/v2\/media\/70031"}],"wp:attachment":[{"href":"https:\/\/smfoods.pt\/loja\/wp-json\/wp\/v2\/media?parent=65754"}],"wp:term":[{"taxonomy":"product_cat","embeddable":true,"href":"https:\/\/smfoods.pt\/loja\/wp-json\/wp\/v2\/product_cat?post=65754"},{"taxonomy":"product_tag","embeddable":true,"href":"https:\/\/smfoods.pt\/loja\/wp-json\/wp\/v2\/product_tag?post=65754"}],"curies":[{"name":"wp","href":"https:\/\/api.w.org\/{rel}","templated":true}]}}