
{"id":65814,"date":"2023-01-27T10:28:09","date_gmt":"2023-01-27T10:28:09","guid":{"rendered":"https:\/\/smfoods.pt\/loja\/produto\/kitnampe-caixa-dia-namorados-15x15-com-base-coracao-verm-25-unid\/"},"modified":"2024-03-04T15:37:57","modified_gmt":"2024-03-04T15:37:57","slug":"kitnampe-caixa-dia-namorados-15x15-com-base-coracao-verm-25-unid","status":"publish","type":"product","link":"https:\/\/smfoods.pt\/loja\/produto\/kitnampe-caixa-dia-namorados-15x15-com-base-coracao-verm-25-unid\/","title":{"rendered":"Caixa Dia Namorados 15&#215;15 com base cora\u00e7\u00e3o Verm (25 unid)"},"content":{"rendered":"<p><strong>Observa\u00e7\u00f5es: <\/strong>Caixa basculante especial dia dos namorados, inclui base em forma cora\u00e7\u00e3o vermelha.<\/p>\n","protected":false},"excerpt":{"rendered":"<p>Observa\u00e7\u00f5es: Caixa basculante especial dia dos namorados, inclui base em forma cora\u00e7\u00e3o vermelha.<\/p>\n","protected":false},"featured_media":70356,"template":"","meta":[],"product_cat":[3047,2921,2915],"product_tag":[],"class_list":{"0":"post-65814","1":"product","2":"type-product","3":"status-publish","4":"has-post-thumbnail","6":"product_cat-pastelaria-descartaveis-caixas-bolos","7":"product_cat-pastelaria-novidades","8":"product_cat-frozen-novidades","10":"first","11":"onbackorder","12":"taxable","13":"shipping-taxable","14":"product-type-simple","15":"add-to-wishlist-before_image","16":"col-xs-6 col-sm-4","17":"col-md-3 col-lg-3","18":"un-4-cols"},"_links":{"self":[{"href":"https:\/\/smfoods.pt\/loja\/wp-json\/wp\/v2\/product\/65814","targetHints":{"allow":["GET"]}}],"collection":[{"href":"https:\/\/smfoods.pt\/loja\/wp-json\/wp\/v2\/product"}],"about":[{"href":"https:\/\/smfoods.pt\/loja\/wp-json\/wp\/v2\/types\/product"}],"version-history":[{"count":2,"href":"https:\/\/smfoods.pt\/loja\/wp-json\/wp\/v2\/product\/65814\/revisions"}],"predecessor-version":[{"id":72857,"href":"https:\/\/smfoods.pt\/loja\/wp-json\/wp\/v2\/product\/65814\/revisions\/72857"}],"wp:featuredmedia":[{"embeddable":true,"href":"https:\/\/smfoods.pt\/loja\/wp-json\/wp\/v2\/media\/70356"}],"wp:attachment":[{"href":"https:\/\/smfoods.pt\/loja\/wp-json\/wp\/v2\/media?parent=65814"}],"wp:term":[{"taxonomy":"product_cat","embeddable":true,"href":"https:\/\/smfoods.pt\/loja\/wp-json\/wp\/v2\/product_cat?post=65814"},{"taxonomy":"product_tag","embeddable":true,"href":"https:\/\/smfoods.pt\/loja\/wp-json\/wp\/v2\/product_tag?post=65814"}],"curies":[{"name":"wp","href":"https:\/\/api.w.org\/{rel}","templated":true}]}}