
{"id":65836,"date":"2023-01-27T10:28:39","date_gmt":"2023-01-27T10:28:39","guid":{"rendered":"https:\/\/smfoods.pt\/loja\/produto\/dcp-22gt-by-e0-760-plein-arome-cacau-1-kg-cacao-barry\/"},"modified":"2024-03-04T15:09:56","modified_gmt":"2024-03-04T15:09:56","slug":"dcp-22gt-by-e0-760-plein-arome-cacau-1-kg-cacao-barry","status":"publish","type":"product","link":"https:\/\/smfoods.pt\/loja\/produto\/dcp-22gt-by-e0-760-plein-arome-cacau-1-kg-cacao-barry\/","title":{"rendered":"Plein Arome Cacau 1 Kg Cacao Barry"},"content":{"rendered":"<p><strong>Observa\u00e7\u00f5es: <\/strong>Cacau em p\u00f3 de cor castanha escuro, muito arom\u00e1tico e escuro.<\/p>\n","protected":false},"excerpt":{"rendered":"<p>Observa\u00e7\u00f5es: Cacau em p\u00f3 de cor castanha escuro, muito arom\u00e1tico e escuro.<\/p>\n","protected":false},"featured_media":70132,"template":"","meta":[],"product_cat":[3051,2921],"product_tag":[],"class_list":{"0":"post-65836","1":"product","2":"type-product","3":"status-publish","4":"has-post-thumbnail","6":"product_cat-pastelaria-chocolates-e-sucedaneos-complementos","7":"product_cat-pastelaria-novidades","9":"first","10":"instock","11":"taxable","12":"shipping-taxable","13":"product-type-simple","14":"add-to-wishlist-before_image","15":"col-xs-6 col-sm-4","16":"col-md-3 col-lg-3","17":"un-4-cols"},"_links":{"self":[{"href":"https:\/\/smfoods.pt\/loja\/wp-json\/wp\/v2\/product\/65836","targetHints":{"allow":["GET"]}}],"collection":[{"href":"https:\/\/smfoods.pt\/loja\/wp-json\/wp\/v2\/product"}],"about":[{"href":"https:\/\/smfoods.pt\/loja\/wp-json\/wp\/v2\/types\/product"}],"version-history":[{"count":1,"href":"https:\/\/smfoods.pt\/loja\/wp-json\/wp\/v2\/product\/65836\/revisions"}],"predecessor-version":[{"id":71260,"href":"https:\/\/smfoods.pt\/loja\/wp-json\/wp\/v2\/product\/65836\/revisions\/71260"}],"wp:featuredmedia":[{"embeddable":true,"href":"https:\/\/smfoods.pt\/loja\/wp-json\/wp\/v2\/media\/70132"}],"wp:attachment":[{"href":"https:\/\/smfoods.pt\/loja\/wp-json\/wp\/v2\/media?parent=65836"}],"wp:term":[{"taxonomy":"product_cat","embeddable":true,"href":"https:\/\/smfoods.pt\/loja\/wp-json\/wp\/v2\/product_cat?post=65836"},{"taxonomy":"product_tag","embeddable":true,"href":"https:\/\/smfoods.pt\/loja\/wp-json\/wp\/v2\/product_tag?post=65836"}],"curies":[{"name":"wp","href":"https:\/\/api.w.org\/{rel}","templated":true}]}}