
{"id":65848,"date":"2023-01-27T10:28:51","date_gmt":"2023-01-27T10:28:51","guid":{"rendered":"https:\/\/smfoods.pt\/loja\/produto\/fnn-s1835-651-crema-dopia-nocciola-callebaut-5-kg\/"},"modified":"2024-03-04T15:55:05","modified_gmt":"2024-03-04T15:55:05","slug":"fnn-s1835-651-crema-dopia-nocciola-callebaut-5-kg","status":"publish","type":"product","link":"https:\/\/smfoods.pt\/loja\/produto\/fnn-s1835-651-crema-dopia-nocciola-callebaut-5-kg\/","title":{"rendered":"Crema Dopia Nocciola Callebaut 5 Kg"},"content":{"rendered":"<p><strong>Observa\u00e7\u00f5es: <\/strong>Creme18.5% avel\u00e3s tostadas e 16.5% chocolate<\/p>\n","protected":false},"excerpt":{"rendered":"<p>Observa\u00e7\u00f5es: Creme18.5% avel\u00e3s tostadas e 16.5% chocolate<\/p>\n","protected":false},"featured_media":70035,"template":"","meta":[],"product_cat":[2918,3101],"product_tag":[],"class_list":{"0":"post-65848","1":"product","2":"type-product","3":"status-publish","4":"has-post-thumbnail","6":"product_cat-pastelaria-pascoa","7":"product_cat-pastelaria-chocolates-e-sucedaneos-recheios","9":"first","10":"instock","11":"taxable","12":"shipping-taxable","13":"product-type-simple","14":"add-to-wishlist-before_image","15":"col-xs-6 col-sm-4","16":"col-md-3 col-lg-3","17":"un-4-cols"},"_links":{"self":[{"href":"https:\/\/smfoods.pt\/loja\/wp-json\/wp\/v2\/product\/65848","targetHints":{"allow":["GET"]}}],"collection":[{"href":"https:\/\/smfoods.pt\/loja\/wp-json\/wp\/v2\/product"}],"about":[{"href":"https:\/\/smfoods.pt\/loja\/wp-json\/wp\/v2\/types\/product"}],"version-history":[{"count":1,"href":"https:\/\/smfoods.pt\/loja\/wp-json\/wp\/v2\/product\/65848\/revisions"}],"predecessor-version":[{"id":71388,"href":"https:\/\/smfoods.pt\/loja\/wp-json\/wp\/v2\/product\/65848\/revisions\/71388"}],"wp:featuredmedia":[{"embeddable":true,"href":"https:\/\/smfoods.pt\/loja\/wp-json\/wp\/v2\/media\/70035"}],"wp:attachment":[{"href":"https:\/\/smfoods.pt\/loja\/wp-json\/wp\/v2\/media?parent=65848"}],"wp:term":[{"taxonomy":"product_cat","embeddable":true,"href":"https:\/\/smfoods.pt\/loja\/wp-json\/wp\/v2\/product_cat?post=65848"},{"taxonomy":"product_tag","embeddable":true,"href":"https:\/\/smfoods.pt\/loja\/wp-json\/wp\/v2\/product_tag?post=65848"}],"curies":[{"name":"wp","href":"https:\/\/api.w.org\/{rel}","templated":true}]}}