
{"id":65865,"date":"2023-01-27T10:29:07","date_gmt":"2023-01-27T10:29:07","guid":{"rendered":"https:\/\/smfoods.pt\/loja\/produto\/10231711-hot-dog-bun-pao-cachorro-6-sementes-36x75-gr\/"},"modified":"2024-03-04T15:27:33","modified_gmt":"2024-03-04T15:27:33","slug":"10231711-hot-dog-bun-pao-cachorro-6-sementes-36x75-gr","status":"publish","type":"product","link":"https:\/\/smfoods.pt\/loja\/produto\/10231711-hot-dog-bun-pao-cachorro-6-sementes-36x75-gr\/","title":{"rendered":"Hot Dog Bun (P\u00e3o cachorro) 6 Sementes 36&#215;75 gr"},"content":{"rendered":"<p><strong>Observa\u00e7\u00f5es: <\/strong>Modo de Prepara\u00e7\u00e3o: S\u00f3 Descongelar<br \/>\nPr\u00e9-cortado.<br \/>\nDelicioso P\u00e3o de cachorro de 6 sementes ancestrais, polvilhado com centeio integral de gr\u00e3o grosso. J\u00e1 est\u00e1 pr\u00e9-cortado.<\/p>\n","protected":false},"excerpt":{"rendered":"<p>Observa\u00e7\u00f5es: Modo de Prepara\u00e7\u00e3o: S\u00f3 Descongelar Pr\u00e9-cortado. Delicioso P\u00e3o de cachorro de 6 sementes ancestrais, polvilhado com centeio integral de gr\u00e3o grosso. J\u00e1 est\u00e1 pr\u00e9-cortado.<\/p>\n","protected":false},"featured_media":69488,"template":"","meta":[],"product_cat":[2915,3084,3086],"product_tag":[],"class_list":{"0":"post-65865","1":"product","2":"type-product","3":"status-publish","4":"has-post-thumbnail","6":"product_cat-frozen-novidades","7":"product_cat-frozen-padaria-pao-especial","8":"product_cat-frozen-padaria-pao-sementes","10":"first","11":"instock","12":"taxable","13":"shipping-taxable","14":"product-type-simple","15":"add-to-wishlist-before_image","16":"col-xs-6 col-sm-4","17":"col-md-3 col-lg-3","18":"un-4-cols"},"_links":{"self":[{"href":"https:\/\/smfoods.pt\/loja\/wp-json\/wp\/v2\/product\/65865","targetHints":{"allow":["GET"]}}],"collection":[{"href":"https:\/\/smfoods.pt\/loja\/wp-json\/wp\/v2\/product"}],"about":[{"href":"https:\/\/smfoods.pt\/loja\/wp-json\/wp\/v2\/types\/product"}],"version-history":[{"count":2,"href":"https:\/\/smfoods.pt\/loja\/wp-json\/wp\/v2\/product\/65865\/revisions"}],"predecessor-version":[{"id":71652,"href":"https:\/\/smfoods.pt\/loja\/wp-json\/wp\/v2\/product\/65865\/revisions\/71652"}],"wp:featuredmedia":[{"embeddable":true,"href":"https:\/\/smfoods.pt\/loja\/wp-json\/wp\/v2\/media\/69488"}],"wp:attachment":[{"href":"https:\/\/smfoods.pt\/loja\/wp-json\/wp\/v2\/media?parent=65865"}],"wp:term":[{"taxonomy":"product_cat","embeddable":true,"href":"https:\/\/smfoods.pt\/loja\/wp-json\/wp\/v2\/product_cat?post=65865"},{"taxonomy":"product_tag","embeddable":true,"href":"https:\/\/smfoods.pt\/loja\/wp-json\/wp\/v2\/product_tag?post=65865"}],"curies":[{"name":"wp","href":"https:\/\/api.w.org\/{rel}","templated":true}]}}