
{"id":65885,"date":"2023-01-27T10:29:26","date_gmt":"2023-01-27T10:29:26","guid":{"rendered":"https:\/\/smfoods.pt\/loja\/produto\/15999915401-polvo-roto-misto-15-kg\/"},"modified":"2024-03-04T15:25:12","modified_gmt":"2024-03-04T15:25:12","slug":"15999915401-polvo-roto-misto-15-kg","status":"publish","type":"product","link":"https:\/\/smfoods.pt\/loja\/produto\/15999915401-polvo-roto-misto-15-kg\/","title":{"rendered":"Polvo Roto Misto 15 Kg"},"content":{"rendered":"<p><strong>Observa\u00e7\u00f5es: <\/strong>Polvo de Marrocos cr\u00fa n\u00e3o calibrado e com pequenos defeitos.<\/p>\n","protected":false},"excerpt":{"rendered":"<p>Observa\u00e7\u00f5es: Polvo de Marrocos cr\u00fa n\u00e3o calibrado e com pequenos defeitos.<\/p>\n","protected":false},"featured_media":69510,"template":"","meta":[],"product_cat":[2922,3095],"product_tag":[],"class_list":{"0":"post-65885","1":"product","2":"type-product","3":"status-publish","4":"has-post-thumbnail","6":"product_cat-restauracao-novidades","7":"product_cat-restauracao-peixes-polvo","9":"first","10":"instock","11":"taxable","12":"shipping-taxable","13":"product-type-simple","14":"add-to-wishlist-before_image","15":"col-xs-6 col-sm-4","16":"col-md-3 col-lg-3","17":"un-4-cols"},"_links":{"self":[{"href":"https:\/\/smfoods.pt\/loja\/wp-json\/wp\/v2\/product\/65885","targetHints":{"allow":["GET"]}}],"collection":[{"href":"https:\/\/smfoods.pt\/loja\/wp-json\/wp\/v2\/product"}],"about":[{"href":"https:\/\/smfoods.pt\/loja\/wp-json\/wp\/v2\/types\/product"}],"version-history":[{"count":1,"href":"https:\/\/smfoods.pt\/loja\/wp-json\/wp\/v2\/product\/65885\/revisions"}],"predecessor-version":[{"id":71680,"href":"https:\/\/smfoods.pt\/loja\/wp-json\/wp\/v2\/product\/65885\/revisions\/71680"}],"wp:featuredmedia":[{"embeddable":true,"href":"https:\/\/smfoods.pt\/loja\/wp-json\/wp\/v2\/media\/69510"}],"wp:attachment":[{"href":"https:\/\/smfoods.pt\/loja\/wp-json\/wp\/v2\/media?parent=65885"}],"wp:term":[{"taxonomy":"product_cat","embeddable":true,"href":"https:\/\/smfoods.pt\/loja\/wp-json\/wp\/v2\/product_cat?post=65885"},{"taxonomy":"product_tag","embeddable":true,"href":"https:\/\/smfoods.pt\/loja\/wp-json\/wp\/v2\/product_tag?post=65885"}],"curies":[{"name":"wp","href":"https:\/\/api.w.org\/{rel}","templated":true}]}}