
{"id":65889,"date":"2023-01-27T10:29:30","date_gmt":"2023-01-27T10:29:30","guid":{"rendered":"https:\/\/smfoods.pt\/loja\/produto\/4121930-margarina-st-auvent-croissants-8x125-kg-vdm\/"},"modified":"2024-03-04T15:13:41","modified_gmt":"2024-03-04T15:13:41","slug":"4121930-margarina-st-auvent-croissants-8x125-kg-vdm","status":"publish","type":"product","link":"https:\/\/smfoods.pt\/loja\/produto\/4121930-margarina-st-auvent-croissants-8x125-kg-vdm\/","title":{"rendered":"Margarina St. Auvent Croissants 8&#215;1,25 kg VDM"},"content":{"rendered":"<p><strong>Observa\u00e7\u00f5es: <\/strong>Melange de elevada qualidade, com um delicioso sabor a manteiga.<br \/>\nIdeal para fazer croissant fran\u00e7\u00eas.<\/p>\n","protected":false},"excerpt":{"rendered":"<p>Observa\u00e7\u00f5es: Melange de elevada qualidade, com um delicioso sabor a manteiga. Ideal para fazer croissant fran\u00e7\u00eas.<\/p>\n","protected":false},"featured_media":69612,"template":"","meta":[],"product_cat":[2966],"product_tag":[],"class_list":{"0":"post-65889","1":"product","2":"type-product","3":"status-publish","4":"has-post-thumbnail","6":"product_cat-pastelaria-margarinas","8":"first","9":"onbackorder","10":"taxable","11":"shipping-taxable","12":"product-type-simple","13":"add-to-wishlist-before_image","14":"col-xs-6 col-sm-4","15":"col-md-3 col-lg-3","16":"un-4-cols"},"_links":{"self":[{"href":"https:\/\/smfoods.pt\/loja\/wp-json\/wp\/v2\/product\/65889","targetHints":{"allow":["GET"]}}],"collection":[{"href":"https:\/\/smfoods.pt\/loja\/wp-json\/wp\/v2\/product"}],"about":[{"href":"https:\/\/smfoods.pt\/loja\/wp-json\/wp\/v2\/types\/product"}],"version-history":[{"count":1,"href":"https:\/\/smfoods.pt\/loja\/wp-json\/wp\/v2\/product\/65889\/revisions"}],"predecessor-version":[{"id":71152,"href":"https:\/\/smfoods.pt\/loja\/wp-json\/wp\/v2\/product\/65889\/revisions\/71152"}],"wp:featuredmedia":[{"embeddable":true,"href":"https:\/\/smfoods.pt\/loja\/wp-json\/wp\/v2\/media\/69612"}],"wp:attachment":[{"href":"https:\/\/smfoods.pt\/loja\/wp-json\/wp\/v2\/media?parent=65889"}],"wp:term":[{"taxonomy":"product_cat","embeddable":true,"href":"https:\/\/smfoods.pt\/loja\/wp-json\/wp\/v2\/product_cat?post=65889"},{"taxonomy":"product_tag","embeddable":true,"href":"https:\/\/smfoods.pt\/loja\/wp-json\/wp\/v2\/product_tag?post=65889"}],"curies":[{"name":"wp","href":"https:\/\/api.w.org\/{rel}","templated":true}]}}