
{"id":67083,"date":"2023-01-27T15:01:41","date_gmt":"2023-01-27T15:01:41","guid":{"rendered":"https:\/\/smfoods.pt\/loja\/produto\/0135-mousse-ind-de-oreo-24unid-x-120gr-smfoods\/"},"modified":"2024-03-04T15:28:12","modified_gmt":"2024-03-04T15:28:12","slug":"0135-mousse-ind-de-oreo-24unid-x-120gr-smfoods","status":"publish","type":"product","link":"https:\/\/smfoods.pt\/loja\/produto\/0135-mousse-ind-de-oreo-24unid-x-120gr-smfoods\/","title":{"rendered":"Mousse Ind. de Oreo 24Unid x 120gr smfoods"},"content":{"rendered":"<p><strong>Observa\u00e7\u00f5es: <\/strong>Sobremesa em ta\u00e7a, descongelar 40 minutos.<\/p>\n","protected":false},"excerpt":{"rendered":"<p>Observa\u00e7\u00f5es: Sobremesa em ta\u00e7a, descongelar 40 minutos.<\/p>\n","protected":false},"featured_media":72712,"template":"","meta":[],"product_cat":[3108],"product_tag":[],"class_list":{"0":"post-67083","1":"product","2":"type-product","3":"status-publish","4":"has-post-thumbnail","6":"product_cat-frozen-bolos-tacas-sobremesa","8":"first","9":"instock","10":"taxable","11":"shipping-taxable","12":"product-type-simple","13":"add-to-wishlist-before_image","14":"col-xs-6 col-sm-4","15":"col-md-3 col-lg-3","16":"un-4-cols"},"_links":{"self":[{"href":"https:\/\/smfoods.pt\/loja\/wp-json\/wp\/v2\/product\/67083","targetHints":{"allow":["GET"]}}],"collection":[{"href":"https:\/\/smfoods.pt\/loja\/wp-json\/wp\/v2\/product"}],"about":[{"href":"https:\/\/smfoods.pt\/loja\/wp-json\/wp\/v2\/types\/product"}],"version-history":[{"count":1,"href":"https:\/\/smfoods.pt\/loja\/wp-json\/wp\/v2\/product\/67083\/revisions"}],"predecessor-version":[{"id":71633,"href":"https:\/\/smfoods.pt\/loja\/wp-json\/wp\/v2\/product\/67083\/revisions\/71633"}],"wp:featuredmedia":[{"embeddable":true,"href":"https:\/\/smfoods.pt\/loja\/wp-json\/wp\/v2\/media\/72712"}],"wp:attachment":[{"href":"https:\/\/smfoods.pt\/loja\/wp-json\/wp\/v2\/media?parent=67083"}],"wp:term":[{"taxonomy":"product_cat","embeddable":true,"href":"https:\/\/smfoods.pt\/loja\/wp-json\/wp\/v2\/product_cat?post=67083"},{"taxonomy":"product_tag","embeddable":true,"href":"https:\/\/smfoods.pt\/loja\/wp-json\/wp\/v2\/product_tag?post=67083"}],"curies":[{"name":"wp","href":"https:\/\/api.w.org\/{rel}","templated":true}]}}