
{"id":67087,"date":"2023-01-27T15:02:10","date_gmt":"2023-01-27T15:02:10","guid":{"rendered":"https:\/\/smfoods.pt\/loja\/produto\/1024-polpa-congelada-de-acai-6x1-kg-fruteiro\/"},"modified":"2023-03-27T15:29:12","modified_gmt":"2023-03-27T15:29:12","slug":"1024-polpa-congelada-de-acai-6x1-kg-fruteiro","status":"publish","type":"product","link":"https:\/\/smfoods.pt\/loja\/produto\/1024-polpa-congelada-de-acai-6x1-kg-fruteiro\/","title":{"rendered":"Polpa Congelada de A\u00e7ai 6&#215;1 Kg Fruteiro"},"content":{"rendered":"<p><strong>Observa\u00e7\u00f5es: <\/strong>Polpa de Fruta 100% Natural congelada. Ideal para gelados.<\/p>\n","protected":false},"excerpt":{"rendered":"<p>Observa\u00e7\u00f5es: Polpa de Fruta 100% Natural congelada. Ideal para gelados.<\/p>\n","protected":false},"featured_media":71656,"template":"","meta":[],"product_cat":[2952,2953,2951,2991,2992,2989,2990],"product_tag":[],"class_list":{"0":"post-67087","1":"product","2":"type-product","3":"status-publish","4":"has-post-thumbnail","6":"product_cat-frozen-frutas-congeladas","7":"product_cat-restauracao-frutas-congeladas","8":"product_cat-pastelaria-frutas-congeladas","9":"product_cat-pastelaria-pures-de-frura","10":"product_cat-restauracao-pures-de-fruta","11":"product_cat-frozen-pures-de-fruta","12":"product_cat-gelataria-pures-de-fruta","14":"first","15":"instock","16":"taxable","17":"shipping-taxable","18":"product-type-simple","19":"add-to-wishlist-before_image","20":"col-xs-6 col-sm-4","21":"col-md-3 col-lg-3","22":"un-4-cols"},"_links":{"self":[{"href":"https:\/\/smfoods.pt\/loja\/wp-json\/wp\/v2\/product\/67087","targetHints":{"allow":["GET"]}}],"collection":[{"href":"https:\/\/smfoods.pt\/loja\/wp-json\/wp\/v2\/product"}],"about":[{"href":"https:\/\/smfoods.pt\/loja\/wp-json\/wp\/v2\/types\/product"}],"version-history":[{"count":1,"href":"https:\/\/smfoods.pt\/loja\/wp-json\/wp\/v2\/product\/67087\/revisions"}],"predecessor-version":[{"id":71657,"href":"https:\/\/smfoods.pt\/loja\/wp-json\/wp\/v2\/product\/67087\/revisions\/71657"}],"wp:featuredmedia":[{"embeddable":true,"href":"https:\/\/smfoods.pt\/loja\/wp-json\/wp\/v2\/media\/71656"}],"wp:attachment":[{"href":"https:\/\/smfoods.pt\/loja\/wp-json\/wp\/v2\/media?parent=67087"}],"wp:term":[{"taxonomy":"product_cat","embeddable":true,"href":"https:\/\/smfoods.pt\/loja\/wp-json\/wp\/v2\/product_cat?post=67087"},{"taxonomy":"product_tag","embeddable":true,"href":"https:\/\/smfoods.pt\/loja\/wp-json\/wp\/v2\/product_tag?post=67087"}],"curies":[{"name":"wp","href":"https:\/\/api.w.org\/{rel}","templated":true}]}}