
{"id":67097,"date":"2023-01-27T15:02:49","date_gmt":"2023-01-27T15:02:49","guid":{"rendered":"https:\/\/smfoods.pt\/loja\/produto\/18900667-frascos-vidro-pernigotti-36x120ml\/"},"modified":"2024-03-04T15:16:10","modified_gmt":"2024-03-04T15:16:10","slug":"18900667-frascos-vidro-pernigotti-36x120ml","status":"publish","type":"product","link":"https:\/\/smfoods.pt\/loja\/produto\/18900667-frascos-vidro-pernigotti-36x120ml\/","title":{"rendered":"Frascos Vidro Pernigotti 36x120ml"},"content":{"rendered":"<p><strong>Observa\u00e7\u00f5es: <\/strong>Imagem sugestiva, esta referencia s\u00f3 leva o frasco vazio.<\/p>\n","protected":false},"excerpt":{"rendered":"<p>Observa\u00e7\u00f5es: Imagem sugestiva, esta referencia s\u00f3 leva o frasco vazio.<\/p>\n","protected":false},"featured_media":72488,"template":"","meta":[],"product_cat":[2943],"product_tag":[],"class_list":{"0":"post-67097","1":"product","2":"type-product","3":"status-publish","4":"has-post-thumbnail","6":"product_cat-gelataria-embalagens","8":"first","9":"instock","10":"taxable","11":"shipping-taxable","12":"product-type-simple","13":"add-to-wishlist-before_image","14":"col-xs-6 col-sm-4","15":"col-md-3 col-lg-3","16":"un-4-cols"},"_links":{"self":[{"href":"https:\/\/smfoods.pt\/loja\/wp-json\/wp\/v2\/product\/67097","targetHints":{"allow":["GET"]}}],"collection":[{"href":"https:\/\/smfoods.pt\/loja\/wp-json\/wp\/v2\/product"}],"about":[{"href":"https:\/\/smfoods.pt\/loja\/wp-json\/wp\/v2\/types\/product"}],"version-history":[{"count":1,"href":"https:\/\/smfoods.pt\/loja\/wp-json\/wp\/v2\/product\/67097\/revisions"}],"predecessor-version":[{"id":71683,"href":"https:\/\/smfoods.pt\/loja\/wp-json\/wp\/v2\/product\/67097\/revisions\/71683"}],"wp:featuredmedia":[{"embeddable":true,"href":"https:\/\/smfoods.pt\/loja\/wp-json\/wp\/v2\/media\/72488"}],"wp:attachment":[{"href":"https:\/\/smfoods.pt\/loja\/wp-json\/wp\/v2\/media?parent=67097"}],"wp:term":[{"taxonomy":"product_cat","embeddable":true,"href":"https:\/\/smfoods.pt\/loja\/wp-json\/wp\/v2\/product_cat?post=67097"},{"taxonomy":"product_tag","embeddable":true,"href":"https:\/\/smfoods.pt\/loja\/wp-json\/wp\/v2\/product_tag?post=67097"}],"curies":[{"name":"wp","href":"https:\/\/api.w.org\/{rel}","templated":true}]}}