
{"id":67105,"date":"2023-01-27T15:03:22","date_gmt":"2023-01-27T15:03:22","guid":{"rendered":"https:\/\/smfoods.pt\/loja\/produto\/411210-choco-chunk-47-cacau-10-kg\/"},"modified":"2024-03-04T15:11:12","modified_gmt":"2024-03-04T15:11:12","slug":"411210-choco-chunk-47-cacau-10-kg","status":"publish","type":"product","link":"https:\/\/smfoods.pt\/loja\/produto\/411210-choco-chunk-47-cacau-10-kg\/","title":{"rendered":"Choco Chunk 47% Cacau 10 Kg"},"content":{"rendered":"<p><strong>Observa\u00e7\u00f5es: <\/strong>Tro\u00e7os de chocolate negro Puro de 8x8x6mm est\u00e1veis ao forno<\/p>\n","protected":false},"excerpt":{"rendered":"<p>Observa\u00e7\u00f5es: Tro\u00e7os de chocolate negro Puro de 8x8x6mm est\u00e1veis ao forno<\/p>\n","protected":false},"featured_media":71083,"template":"","meta":[],"product_cat":[3050],"product_tag":[],"class_list":{"0":"post-67105","1":"product","2":"type-product","3":"status-publish","4":"has-post-thumbnail","6":"product_cat-pastelaria-chocolates-e-sucedaneos-chocolates-puros","8":"first","9":"instock","10":"taxable","11":"shipping-taxable","12":"product-type-simple","13":"add-to-wishlist-before_image","14":"col-xs-6 col-sm-4","15":"col-md-3 col-lg-3","16":"un-4-cols"},"_links":{"self":[{"href":"https:\/\/smfoods.pt\/loja\/wp-json\/wp\/v2\/product\/67105","targetHints":{"allow":["GET"]}}],"collection":[{"href":"https:\/\/smfoods.pt\/loja\/wp-json\/wp\/v2\/product"}],"about":[{"href":"https:\/\/smfoods.pt\/loja\/wp-json\/wp\/v2\/types\/product"}],"version-history":[{"count":2,"href":"https:\/\/smfoods.pt\/loja\/wp-json\/wp\/v2\/product\/67105\/revisions"}],"predecessor-version":[{"id":71085,"href":"https:\/\/smfoods.pt\/loja\/wp-json\/wp\/v2\/product\/67105\/revisions\/71085"}],"wp:featuredmedia":[{"embeddable":true,"href":"https:\/\/smfoods.pt\/loja\/wp-json\/wp\/v2\/media\/71083"}],"wp:attachment":[{"href":"https:\/\/smfoods.pt\/loja\/wp-json\/wp\/v2\/media?parent=67105"}],"wp:term":[{"taxonomy":"product_cat","embeddable":true,"href":"https:\/\/smfoods.pt\/loja\/wp-json\/wp\/v2\/product_cat?post=67105"},{"taxonomy":"product_tag","embeddable":true,"href":"https:\/\/smfoods.pt\/loja\/wp-json\/wp\/v2\/product_tag?post=67105"}],"curies":[{"name":"wp","href":"https:\/\/api.w.org\/{rel}","templated":true}]}}