
{"id":67123,"date":"2023-01-27T15:04:17","date_gmt":"2023-01-27T15:04:17","guid":{"rendered":"https:\/\/smfoods.pt\/loja\/produto\/cx15060-tubo-macarons-160x15mm-20unid\/"},"modified":"2024-03-04T15:54:50","modified_gmt":"2024-03-04T15:54:50","slug":"cx15060-tubo-macarons-160x15mm-20unid","status":"publish","type":"product","link":"https:\/\/smfoods.pt\/loja\/produto\/cx15060-tubo-macarons-160x15mm-20unid\/","title":{"rendered":"Tubo Macarons 160x15mm (20unid)"},"content":{"rendered":"<p><strong>Observa\u00e7\u00f5es: <\/strong>Tubo com tampa em acetata, ideal para macarons, am\u00eandoas ou todo o tipo de drageias.<\/p>\n","protected":false},"excerpt":{"rendered":"<p>Observa\u00e7\u00f5es: Tubo com tampa em acetata, ideal para macarons, am\u00eandoas ou todo o tipo de drageias.<\/p>\n","protected":false},"featured_media":71386,"template":"","meta":[],"product_cat":[3047,2918],"product_tag":[],"class_list":{"0":"post-67123","1":"product","2":"type-product","3":"status-publish","4":"has-post-thumbnail","6":"product_cat-pastelaria-descartaveis-caixas-bolos","7":"product_cat-pastelaria-pascoa","9":"first","10":"onbackorder","11":"taxable","12":"shipping-taxable","13":"product-type-simple","14":"add-to-wishlist-before_image","15":"col-xs-6 col-sm-4","16":"col-md-3 col-lg-3","17":"un-4-cols"},"_links":{"self":[{"href":"https:\/\/smfoods.pt\/loja\/wp-json\/wp\/v2\/product\/67123","targetHints":{"allow":["GET"]}}],"collection":[{"href":"https:\/\/smfoods.pt\/loja\/wp-json\/wp\/v2\/product"}],"about":[{"href":"https:\/\/smfoods.pt\/loja\/wp-json\/wp\/v2\/types\/product"}],"version-history":[{"count":2,"href":"https:\/\/smfoods.pt\/loja\/wp-json\/wp\/v2\/product\/67123\/revisions"}],"predecessor-version":[{"id":71387,"href":"https:\/\/smfoods.pt\/loja\/wp-json\/wp\/v2\/product\/67123\/revisions\/71387"}],"wp:featuredmedia":[{"embeddable":true,"href":"https:\/\/smfoods.pt\/loja\/wp-json\/wp\/v2\/media\/71386"}],"wp:attachment":[{"href":"https:\/\/smfoods.pt\/loja\/wp-json\/wp\/v2\/media?parent=67123"}],"wp:term":[{"taxonomy":"product_cat","embeddable":true,"href":"https:\/\/smfoods.pt\/loja\/wp-json\/wp\/v2\/product_cat?post=67123"},{"taxonomy":"product_tag","embeddable":true,"href":"https:\/\/smfoods.pt\/loja\/wp-json\/wp\/v2\/product_tag?post=67123"}],"curies":[{"name":"wp","href":"https:\/\/api.w.org\/{rel}","templated":true}]}}