
{"id":67135,"date":"2023-01-27T15:04:57","date_gmt":"2023-01-27T15:04:57","guid":{"rendered":"https:\/\/smfoods.pt\/loja\/produto\/mld-090505-m00-molde-policarbonato-esfera-4-cm-cacao-barry\/"},"modified":"2024-03-04T15:06:27","modified_gmt":"2024-03-04T15:06:27","slug":"mld-090505-m00-molde-policarbonato-esfera-4-cm-cacao-barry","status":"publish","type":"product","link":"https:\/\/smfoods.pt\/loja\/produto\/mld-090505-m00-molde-policarbonato-esfera-4-cm-cacao-barry\/","title":{"rendered":"Molde Policarbonato Esfera 4 cm Cacao Barry"},"content":{"rendered":"<p><strong>Observa\u00e7\u00f5es: <\/strong>Molde em Policarbonato em forma Ovo. Cada molde faz quatro pe\u00e7as com 30gr.<\/p>\n","protected":false},"excerpt":{"rendered":"<p>Observa\u00e7\u00f5es: Molde em Policarbonato em forma Ovo. Cada molde faz quatro pe\u00e7as com 30gr.<\/p>\n","protected":false},"featured_media":72304,"template":"","meta":[],"product_cat":[2975],"product_tag":[],"class_list":{"0":"post-67135","1":"product","2":"type-product","3":"status-publish","4":"has-post-thumbnail","6":"product_cat-pastelaria-moldes","8":"first","9":"instock","10":"taxable","11":"shipping-taxable","12":"product-type-simple","13":"add-to-wishlist-before_image","14":"col-xs-6 col-sm-4","15":"col-md-3 col-lg-3","16":"un-4-cols"},"_links":{"self":[{"href":"https:\/\/smfoods.pt\/loja\/wp-json\/wp\/v2\/product\/67135","targetHints":{"allow":["GET"]}}],"collection":[{"href":"https:\/\/smfoods.pt\/loja\/wp-json\/wp\/v2\/product"}],"about":[{"href":"https:\/\/smfoods.pt\/loja\/wp-json\/wp\/v2\/types\/product"}],"version-history":[{"count":1,"href":"https:\/\/smfoods.pt\/loja\/wp-json\/wp\/v2\/product\/67135\/revisions"}],"predecessor-version":[{"id":71774,"href":"https:\/\/smfoods.pt\/loja\/wp-json\/wp\/v2\/product\/67135\/revisions\/71774"}],"wp:featuredmedia":[{"embeddable":true,"href":"https:\/\/smfoods.pt\/loja\/wp-json\/wp\/v2\/media\/72304"}],"wp:attachment":[{"href":"https:\/\/smfoods.pt\/loja\/wp-json\/wp\/v2\/media?parent=67135"}],"wp:term":[{"taxonomy":"product_cat","embeddable":true,"href":"https:\/\/smfoods.pt\/loja\/wp-json\/wp\/v2\/product_cat?post=67135"},{"taxonomy":"product_tag","embeddable":true,"href":"https:\/\/smfoods.pt\/loja\/wp-json\/wp\/v2\/product_tag?post=67135"}],"curies":[{"name":"wp","href":"https:\/\/api.w.org\/{rel}","templated":true}]}}