
{"id":67161,"date":"2023-01-27T15:14:22","date_gmt":"2023-01-27T15:14:22","guid":{"rendered":"https:\/\/smfoods.pt\/loja\/produto\/v10101-mini-covilhete-vila-real-200x27-gr\/"},"modified":"2024-03-04T15:05:03","modified_gmt":"2024-03-04T15:05:03","slug":"v10101-mini-covilhete-vila-real-200x27-gr","status":"publish","type":"product","link":"https:\/\/smfoods.pt\/loja\/produto\/v10101-mini-covilhete-vila-real-200x27-gr\/","title":{"rendered":"Mini Covilhete Vila Real (200&#215;27 gr)"},"content":{"rendered":"<p><strong>Observa\u00e7\u00f5es: <\/strong>Covilhete tipico de vila real. Peso untir\u00e1rio +- 27 gr.<br \/>\nIngredientes: Farinha de Trigo (GLUTEN), agua e margarinas.<br \/>\nRecheio: Carnes de vitela (Origem PT), cebola, banha de porco, barriga, presunto, azeite, alho, sal,salsa e louro.<br \/>\nPode conter vestigios de OVO, SOJA, LEITE e FRUTOS CASCA RIJA.<\/p>\n<p>Conservar a -18\u00ba<br \/>\nModo de Utiliza\u00e7\u00e3o: Aquecer o forno a 200\u00ba, sem descongelar meter o covilhete com parte lisa voltada para baixo. Deixar cozinhar 20 minutos.<\/p>\n","protected":false},"excerpt":{"rendered":"<p>Observa\u00e7\u00f5es: Covilhete tipico de vila real. Peso untir\u00e1rio +- 27 gr. Ingredientes: Farinha de Trigo (GLUTEN), agua e margarinas. Recheio: Carnes de vitela (Origem PT), cebola, banha de porco, barriga, presunto, azeite, alho, sal,salsa e louro. Pode conter vestigios de OVO, SOJA, LEITE e FRUTOS CASCA RIJA. Conservar a -18\u00ba Modo de Utiliza\u00e7\u00e3o: Aquecer o&hellip;<\/p>\n","protected":false},"featured_media":70209,"template":"","meta":[],"product_cat":[3075,2996],"product_tag":[],"class_list":{"0":"post-67161","1":"product","2":"type-product","3":"status-publish","4":"has-post-thumbnail","6":"product_cat-frozen-pastelaria-massas-folhadas","7":"product_cat-frozen-salgadinhos","9":"first","10":"onbackorder","11":"sale","12":"taxable","13":"shipping-taxable","14":"product-type-simple","15":"add-to-wishlist-before_image","16":"col-xs-6 col-sm-4","17":"col-md-3 col-lg-3","18":"un-4-cols"},"_links":{"self":[{"href":"https:\/\/smfoods.pt\/loja\/wp-json\/wp\/v2\/product\/67161","targetHints":{"allow":["GET"]}}],"collection":[{"href":"https:\/\/smfoods.pt\/loja\/wp-json\/wp\/v2\/product"}],"about":[{"href":"https:\/\/smfoods.pt\/loja\/wp-json\/wp\/v2\/types\/product"}],"version-history":[{"count":2,"href":"https:\/\/smfoods.pt\/loja\/wp-json\/wp\/v2\/product\/67161\/revisions"}],"predecessor-version":[{"id":71266,"href":"https:\/\/smfoods.pt\/loja\/wp-json\/wp\/v2\/product\/67161\/revisions\/71266"}],"wp:featuredmedia":[{"embeddable":true,"href":"https:\/\/smfoods.pt\/loja\/wp-json\/wp\/v2\/media\/70209"}],"wp:attachment":[{"href":"https:\/\/smfoods.pt\/loja\/wp-json\/wp\/v2\/media?parent=67161"}],"wp:term":[{"taxonomy":"product_cat","embeddable":true,"href":"https:\/\/smfoods.pt\/loja\/wp-json\/wp\/v2\/product_cat?post=67161"},{"taxonomy":"product_tag","embeddable":true,"href":"https:\/\/smfoods.pt\/loja\/wp-json\/wp\/v2\/product_tag?post=67161"}],"curies":[{"name":"wp","href":"https:\/\/api.w.org\/{rel}","templated":true}]}}