
{"id":67195,"date":"2023-01-27T15:16:00","date_gmt":"2023-01-27T15:16:00","guid":{"rendered":"https:\/\/smfoods.pt\/loja\/produto\/91002-base-nata-folhada-cx-200-unid-sm-profissional\/"},"modified":"2024-03-04T15:31:20","modified_gmt":"2024-03-04T15:31:20","slug":"91002-base-nata-folhada-cx-200-unid-sm-profissional","status":"publish","type":"product","link":"https:\/\/smfoods.pt\/loja\/produto\/91002-base-nata-folhada-cx-200-unid-sm-profissional\/","title":{"rendered":"Base Nata Folhada Cx 200 Unid. SM-PROFISSIONAL"},"content":{"rendered":"<p><strong>Observa\u00e7\u00f5es: <\/strong>Base folhada para fazer pastel de nata ou bolo feij\u00e3o.<\/p>\n","protected":false},"excerpt":{"rendered":"<p>Observa\u00e7\u00f5es: Base folhada para fazer pastel de nata ou bolo feij\u00e3o.<\/p>\n","protected":false},"featured_media":72771,"template":"","meta":[],"product_cat":[3075],"product_tag":[],"class_list":{"0":"post-67195","1":"product","2":"type-product","3":"status-publish","4":"has-post-thumbnail","6":"product_cat-frozen-pastelaria-massas-folhadas","8":"first","9":"instock","10":"taxable","11":"shipping-taxable","12":"product-type-simple","13":"add-to-wishlist-before_image","14":"col-xs-6 col-sm-4","15":"col-md-3 col-lg-3","16":"un-4-cols"},"_links":{"self":[{"href":"https:\/\/smfoods.pt\/loja\/wp-json\/wp\/v2\/product\/67195","targetHints":{"allow":["GET"]}}],"collection":[{"href":"https:\/\/smfoods.pt\/loja\/wp-json\/wp\/v2\/product"}],"about":[{"href":"https:\/\/smfoods.pt\/loja\/wp-json\/wp\/v2\/types\/product"}],"version-history":[{"count":1,"href":"https:\/\/smfoods.pt\/loja\/wp-json\/wp\/v2\/product\/67195\/revisions"}],"predecessor-version":[{"id":71299,"href":"https:\/\/smfoods.pt\/loja\/wp-json\/wp\/v2\/product\/67195\/revisions\/71299"}],"wp:featuredmedia":[{"embeddable":true,"href":"https:\/\/smfoods.pt\/loja\/wp-json\/wp\/v2\/media\/72771"}],"wp:attachment":[{"href":"https:\/\/smfoods.pt\/loja\/wp-json\/wp\/v2\/media?parent=67195"}],"wp:term":[{"taxonomy":"product_cat","embeddable":true,"href":"https:\/\/smfoods.pt\/loja\/wp-json\/wp\/v2\/product_cat?post=67195"},{"taxonomy":"product_tag","embeddable":true,"href":"https:\/\/smfoods.pt\/loja\/wp-json\/wp\/v2\/product_tag?post=67195"}],"curies":[{"name":"wp","href":"https:\/\/api.w.org\/{rel}","templated":true}]}}