
{"id":69606,"date":"2023-02-13T17:08:33","date_gmt":"2023-02-13T17:08:33","guid":{"rendered":"https:\/\/smfoods.pt\/loja\/produto\/41317-choco-chunk-branco-5-kg\/"},"modified":"2024-03-04T15:51:20","modified_gmt":"2024-03-04T15:51:20","slug":"41317-choco-chunk-branco-5-kg","status":"publish","type":"product","link":"https:\/\/smfoods.pt\/loja\/produto\/41317-choco-chunk-branco-5-kg\/","title":{"rendered":"Choco Chunk Branco 5 Kg"},"content":{"rendered":"<p><strong>Observa\u00e7\u00f5es: <\/strong>Tro\u00e7os de chocolate Branco de 8x8x6mm est\u00e1veis ao forno.<br \/>\nIdeal para American Cookies.<\/p>\n","protected":false},"excerpt":{"rendered":"<p>Observa\u00e7\u00f5es: Tro\u00e7os de chocolate Branco de 8x8x6mm est\u00e1veis ao forno. Ideal para American Cookies.<\/p>\n","protected":false},"featured_media":69605,"template":"","meta":[],"product_cat":[3050],"product_tag":[],"class_list":{"0":"post-69606","1":"product","2":"type-product","3":"status-publish","4":"has-post-thumbnail","6":"product_cat-pastelaria-chocolates-e-sucedaneos-chocolates-puros","8":"first","9":"instock","10":"taxable","11":"shipping-taxable","12":"product-type-simple","13":"add-to-wishlist-before_image","14":"col-xs-6 col-sm-4","15":"col-md-3 col-lg-3","16":"un-4-cols"},"_links":{"self":[{"href":"https:\/\/smfoods.pt\/loja\/wp-json\/wp\/v2\/product\/69606","targetHints":{"allow":["GET"]}}],"collection":[{"href":"https:\/\/smfoods.pt\/loja\/wp-json\/wp\/v2\/product"}],"about":[{"href":"https:\/\/smfoods.pt\/loja\/wp-json\/wp\/v2\/types\/product"}],"version-history":[{"count":1,"href":"https:\/\/smfoods.pt\/loja\/wp-json\/wp\/v2\/product\/69606\/revisions"}],"predecessor-version":[{"id":71922,"href":"https:\/\/smfoods.pt\/loja\/wp-json\/wp\/v2\/product\/69606\/revisions\/71922"}],"wp:featuredmedia":[{"embeddable":true,"href":"https:\/\/smfoods.pt\/loja\/wp-json\/wp\/v2\/media\/69605"}],"wp:attachment":[{"href":"https:\/\/smfoods.pt\/loja\/wp-json\/wp\/v2\/media?parent=69606"}],"wp:term":[{"taxonomy":"product_cat","embeddable":true,"href":"https:\/\/smfoods.pt\/loja\/wp-json\/wp\/v2\/product_cat?post=69606"},{"taxonomy":"product_tag","embeddable":true,"href":"https:\/\/smfoods.pt\/loja\/wp-json\/wp\/v2\/product_tag?post=69606"}],"curies":[{"name":"wp","href":"https:\/\/api.w.org\/{rel}","templated":true}]}}