
{"id":70594,"date":"2023-02-15T13:59:40","date_gmt":"2023-02-15T13:59:40","guid":{"rendered":"https:\/\/smfoods.pt\/loja\/produto\/11130-brownie-pre-cut-1-bandejas-x-30-pecas\/"},"modified":"2024-03-04T15:22:13","modified_gmt":"2024-03-04T15:22:13","slug":"11130-brownie-pre-cut-1-bandejas-x-30-pecas","status":"publish","type":"product","link":"https:\/\/smfoods.pt\/loja\/produto\/11130-brownie-pre-cut-1-bandejas-x-30-pecas\/","title":{"rendered":"Brownie Pre-Cut (1 bandejas x 30 pe\u00e7as)"},"content":{"rendered":"<p><strong>Observa\u00e7\u00f5es: <\/strong><\/p>\n","protected":false},"excerpt":{"rendered":"<p>Observa\u00e7\u00f5es:<\/p>\n","protected":false},"featured_media":70663,"template":"","meta":[],"product_cat":[],"product_tag":[],"class_list":{"0":"post-70594","1":"product","2":"type-product","3":"status-publish","4":"has-post-thumbnail","7":"first","8":"instock","9":"sale","10":"taxable","11":"shipping-taxable","12":"product-type-simple","13":"add-to-wishlist-before_image","14":"col-xs-6 col-sm-4","15":"col-md-3 col-lg-3","16":"un-4-cols"},"_links":{"self":[{"href":"https:\/\/smfoods.pt\/loja\/wp-json\/wp\/v2\/product\/70594","targetHints":{"allow":["GET"]}}],"collection":[{"href":"https:\/\/smfoods.pt\/loja\/wp-json\/wp\/v2\/product"}],"about":[{"href":"https:\/\/smfoods.pt\/loja\/wp-json\/wp\/v2\/types\/product"}],"version-history":[{"count":2,"href":"https:\/\/smfoods.pt\/loja\/wp-json\/wp\/v2\/product\/70594\/revisions"}],"predecessor-version":[{"id":71031,"href":"https:\/\/smfoods.pt\/loja\/wp-json\/wp\/v2\/product\/70594\/revisions\/71031"}],"wp:featuredmedia":[{"embeddable":true,"href":"https:\/\/smfoods.pt\/loja\/wp-json\/wp\/v2\/media\/70663"}],"wp:attachment":[{"href":"https:\/\/smfoods.pt\/loja\/wp-json\/wp\/v2\/media?parent=70594"}],"wp:term":[{"taxonomy":"product_cat","embeddable":true,"href":"https:\/\/smfoods.pt\/loja\/wp-json\/wp\/v2\/product_cat?post=70594"},{"taxonomy":"product_tag","embeddable":true,"href":"https:\/\/smfoods.pt\/loja\/wp-json\/wp\/v2\/product_tag?post=70594"}],"curies":[{"name":"wp","href":"https:\/\/api.w.org\/{rel}","templated":true}]}}