
{"id":71001,"date":"2023-03-27T11:34:25","date_gmt":"2023-03-27T11:34:25","guid":{"rendered":"https:\/\/smfoods.pt\/loja\/produto\/131130-sumo-tangerinamandarino-500-gr\/"},"modified":"2024-03-04T15:22:33","modified_gmt":"2024-03-04T15:22:33","slug":"131130-sumo-tangerinamandarino-500-gr","status":"publish","type":"product","link":"https:\/\/smfoods.pt\/loja\/produto\/131130-sumo-tangerinamandarino-500-gr\/","title":{"rendered":"Sumo Tangerina\/Mandarino 500 gr."},"content":{"rendered":"<p><strong>Observa\u00e7\u00f5es: <\/strong>Sumo Tangerina 100%. Ideal para consumo direto ou produ\u00e7\u00e3o de gelados.<br \/>\nCaixa master com 12.<\/p>\n","protected":false},"excerpt":{"rendered":"<p>Observa\u00e7\u00f5es: Sumo Tangerina 100%. Ideal para consumo direto ou produ\u00e7\u00e3o de gelados. Caixa master com 12.<\/p>\n","protected":false},"featured_media":71000,"template":"","meta":[],"product_cat":[2928,2951,2952,2953],"product_tag":[],"class_list":{"0":"post-71001","1":"product","2":"type-product","3":"status-publish","4":"has-post-thumbnail","6":"product_cat-restauracao-bebidas","7":"product_cat-pastelaria-frutas-congeladas","8":"product_cat-frozen-frutas-congeladas","9":"product_cat-restauracao-frutas-congeladas","11":"first","12":"instock","13":"taxable","14":"shipping-taxable","15":"product-type-simple","16":"add-to-wishlist-before_image","17":"col-xs-6 col-sm-4","18":"col-md-3 col-lg-3","19":"un-4-cols"},"_links":{"self":[{"href":"https:\/\/smfoods.pt\/loja\/wp-json\/wp\/v2\/product\/71001","targetHints":{"allow":["GET"]}}],"collection":[{"href":"https:\/\/smfoods.pt\/loja\/wp-json\/wp\/v2\/product"}],"about":[{"href":"https:\/\/smfoods.pt\/loja\/wp-json\/wp\/v2\/types\/product"}],"version-history":[{"count":1,"href":"https:\/\/smfoods.pt\/loja\/wp-json\/wp\/v2\/product\/71001\/revisions"}],"predecessor-version":[{"id":72597,"href":"https:\/\/smfoods.pt\/loja\/wp-json\/wp\/v2\/product\/71001\/revisions\/72597"}],"wp:featuredmedia":[{"embeddable":true,"href":"https:\/\/smfoods.pt\/loja\/wp-json\/wp\/v2\/media\/71000"}],"wp:attachment":[{"href":"https:\/\/smfoods.pt\/loja\/wp-json\/wp\/v2\/media?parent=71001"}],"wp:term":[{"taxonomy":"product_cat","embeddable":true,"href":"https:\/\/smfoods.pt\/loja\/wp-json\/wp\/v2\/product_cat?post=71001"},{"taxonomy":"product_tag","embeddable":true,"href":"https:\/\/smfoods.pt\/loja\/wp-json\/wp\/v2\/product_tag?post=71001"}],"curies":[{"name":"wp","href":"https:\/\/api.w.org\/{rel}","templated":true}]}}