
{"id":71003,"date":"2023-03-27T11:34:29","date_gmt":"2023-03-27T11:34:29","guid":{"rendered":"https:\/\/smfoods.pt\/loja\/produto\/13509-cubos-de-maracuja-com-sementes-1-kg\/"},"modified":"2024-03-04T15:22:41","modified_gmt":"2024-03-04T15:22:41","slug":"13509-cubos-de-maracuja-com-sementes-1-kg","status":"publish","type":"product","link":"https:\/\/smfoods.pt\/loja\/produto\/13509-cubos-de-maracuja-com-sementes-1-kg\/","title":{"rendered":"Cubos de Maracuj\u00e1 com sementes 1 Kg"},"content":{"rendered":"<p><strong>Observa\u00e7\u00f5es: <\/strong>Cubos de Maracuj\u00e1 com sementes. Ideal para produ\u00e7\u00e3o de gelados e Bebidas.<\/p>\n","protected":false},"excerpt":{"rendered":"<p>Observa\u00e7\u00f5es: Cubos de Maracuj\u00e1 com sementes. Ideal para produ\u00e7\u00e3o de gelados e Bebidas.<\/p>\n","protected":false},"featured_media":72601,"template":"","meta":[],"product_cat":[2951,2952,2953],"product_tag":[],"class_list":{"0":"post-71003","1":"product","2":"type-product","3":"status-publish","4":"has-post-thumbnail","6":"product_cat-pastelaria-frutas-congeladas","7":"product_cat-frozen-frutas-congeladas","8":"product_cat-restauracao-frutas-congeladas","10":"first","11":"instock","12":"taxable","13":"shipping-taxable","14":"product-type-simple","15":"add-to-wishlist-before_image","16":"col-xs-6 col-sm-4","17":"col-md-3 col-lg-3","18":"un-4-cols"},"_links":{"self":[{"href":"https:\/\/smfoods.pt\/loja\/wp-json\/wp\/v2\/product\/71003","targetHints":{"allow":["GET"]}}],"collection":[{"href":"https:\/\/smfoods.pt\/loja\/wp-json\/wp\/v2\/product"}],"about":[{"href":"https:\/\/smfoods.pt\/loja\/wp-json\/wp\/v2\/types\/product"}],"version-history":[{"count":0,"href":"https:\/\/smfoods.pt\/loja\/wp-json\/wp\/v2\/product\/71003\/revisions"}],"wp:featuredmedia":[{"embeddable":true,"href":"https:\/\/smfoods.pt\/loja\/wp-json\/wp\/v2\/media\/72601"}],"wp:attachment":[{"href":"https:\/\/smfoods.pt\/loja\/wp-json\/wp\/v2\/media?parent=71003"}],"wp:term":[{"taxonomy":"product_cat","embeddable":true,"href":"https:\/\/smfoods.pt\/loja\/wp-json\/wp\/v2\/product_cat?post=71003"},{"taxonomy":"product_tag","embeddable":true,"href":"https:\/\/smfoods.pt\/loja\/wp-json\/wp\/v2\/product_tag?post=71003"}],"curies":[{"name":"wp","href":"https:\/\/api.w.org\/{rel}","templated":true}]}}