
{"id":71006,"date":"2023-03-27T11:34:41","date_gmt":"2023-03-27T11:34:41","guid":{"rendered":"https:\/\/smfoods.pt\/loja\/produto\/1039-anilhas-a-la-romana-calamares-25-kg\/"},"modified":"2024-03-04T15:27:17","modified_gmt":"2024-03-04T15:27:17","slug":"1039-anilhas-a-la-romana-calamares-25-kg","status":"publish","type":"product","link":"https:\/\/smfoods.pt\/loja\/produto\/1039-anilhas-a-la-romana-calamares-25-kg\/","title":{"rendered":"Anilhas a la Romana (Calamares) 2,5 Kg"},"content":{"rendered":"<p><strong>Observa\u00e7\u00f5es: <\/strong>Ideal para entradas ou Tapas.<\/p>\n<p>Ingredientes: POTAS (40%) (POTAS, agua, estabilizante (E-451i) y sal), harina de TRIGO,<br \/>\nagua, aceite de girasol, gasificantes (E-450i, E-500ii), sal, potenciador del sabor<br \/>\n(E-621) y colorantes (E-100, E-101ii). Puede contener trazas de PESCADO,<br \/>\nCRUST\u00c1CEOS, SOJA, APIO, LECHE, HUEVO, MOSTZA y SULFITOS.<\/p>\n<p>Modo de Prepara\u00e7\u00e3o: Fritar a 180-190\u00ba de 2 a 3 minutos.<\/p>\n","protected":false},"excerpt":{"rendered":"<p>Observa\u00e7\u00f5es: Ideal para entradas ou Tapas. Ingredientes: POTAS (40%) (POTAS, agua, estabilizante (E-451i) y sal), harina de TRIGO, agua, aceite de girasol, gasificantes (E-450i, E-500ii), sal, potenciador del sabor (E-621) y colorantes (E-100, E-101ii). Puede contener trazas de PESCADO, CRUST\u00c1CEOS, SOJA, APIO, LECHE, HUEVO, MOSTZA y SULFITOS. Modo de Prepara\u00e7\u00e3o: Fritar a 180-190\u00ba de 2&hellip;<\/p>\n","protected":false},"featured_media":71005,"template":"","meta":[],"product_cat":[2922,3081],"product_tag":[],"class_list":{"0":"post-71006","1":"product","2":"type-product","3":"status-publish","4":"has-post-thumbnail","6":"product_cat-restauracao-novidades","7":"product_cat-restauracao-peixes-outros","9":"first","10":"instock","11":"taxable","12":"shipping-taxable","13":"product-type-simple","14":"add-to-wishlist-before_image","15":"col-xs-6 col-sm-4","16":"col-md-3 col-lg-3","17":"un-4-cols"},"_links":{"self":[{"href":"https:\/\/smfoods.pt\/loja\/wp-json\/wp\/v2\/product\/71006","targetHints":{"allow":["GET"]}}],"collection":[{"href":"https:\/\/smfoods.pt\/loja\/wp-json\/wp\/v2\/product"}],"about":[{"href":"https:\/\/smfoods.pt\/loja\/wp-json\/wp\/v2\/types\/product"}],"version-history":[{"count":1,"href":"https:\/\/smfoods.pt\/loja\/wp-json\/wp\/v2\/product\/71006\/revisions"}],"predecessor-version":[{"id":71651,"href":"https:\/\/smfoods.pt\/loja\/wp-json\/wp\/v2\/product\/71006\/revisions\/71651"}],"wp:featuredmedia":[{"embeddable":true,"href":"https:\/\/smfoods.pt\/loja\/wp-json\/wp\/v2\/media\/71005"}],"wp:attachment":[{"href":"https:\/\/smfoods.pt\/loja\/wp-json\/wp\/v2\/media?parent=71006"}],"wp:term":[{"taxonomy":"product_cat","embeddable":true,"href":"https:\/\/smfoods.pt\/loja\/wp-json\/wp\/v2\/product_cat?post=71006"},{"taxonomy":"product_tag","embeddable":true,"href":"https:\/\/smfoods.pt\/loja\/wp-json\/wp\/v2\/product_tag?post=71006"}],"curies":[{"name":"wp","href":"https:\/\/api.w.org\/{rel}","templated":true}]}}