
{"id":71026,"date":"2023-03-27T11:35:45","date_gmt":"2023-03-27T11:35:45","guid":{"rendered":"https:\/\/smfoods.pt\/loja\/produto\/1046-tira-pota-panada-500-gr\/"},"modified":"2024-03-04T15:22:46","modified_gmt":"2024-03-04T15:22:46","slug":"1046-tira-pota-panada-500-gr","status":"publish","type":"product","link":"https:\/\/smfoods.pt\/loja\/produto\/1046-tira-pota-panada-500-gr\/","title":{"rendered":"Tira Pota Panada 500 gr"},"content":{"rendered":"<p><strong>Observa\u00e7\u00f5es: <\/strong>Caixa master com 10 sacos.<\/p>\n<p>Ingredientes: Pota (55%)(Lula do Pac\u00edfico (Dosidicus Gigas), \u00e1gua, estabilizante (E-450), antioxidante (E-330) e sal), cobertura (farinha de TRIGO, \u00e1gua, sal, fermento e corantes (E-160e, E -160a)), \u00e1gua, farinha de TRIGO, amido de TRIGO, sal, espessante (E-464) e alho. Pode conter vest\u00edgios de PEIXE, CRUST\u00c1CEOS,<br \/>\nAIPO, SOJA, SULFITOS, MOSTARDA, LEITE E OVOS<\/p>\n<p>Modo de Prepara\u00e7\u00e3o: Fritar 2 a 3 minutos a 180-200\u00ba.<\/p>\n","protected":false},"excerpt":{"rendered":"<p>Observa\u00e7\u00f5es: Caixa master com 10 sacos. Ingredientes: Pota (55%)(Lula do Pac\u00edfico (Dosidicus Gigas), \u00e1gua, estabilizante (E-450), antioxidante (E-330) e sal), cobertura (farinha de TRIGO, \u00e1gua, sal, fermento e corantes (E-160e, E -160a)), \u00e1gua, farinha de TRIGO, amido de TRIGO, sal, espessante (E-464) e alho. Pode conter vest\u00edgios de PEIXE, CRUST\u00c1CEOS, AIPO, SOJA, SULFITOS, MOSTARDA, LEITE&hellip;<\/p>\n","protected":false},"featured_media":71025,"template":"","meta":[],"product_cat":[2922,3081],"product_tag":[],"class_list":{"0":"post-71026","1":"product","2":"type-product","3":"status-publish","4":"has-post-thumbnail","6":"product_cat-restauracao-novidades","7":"product_cat-restauracao-peixes-outros","9":"first","10":"instock","11":"taxable","12":"shipping-taxable","13":"product-type-simple","14":"add-to-wishlist-before_image","15":"col-xs-6 col-sm-4","16":"col-md-3 col-lg-3","17":"un-4-cols"},"_links":{"self":[{"href":"https:\/\/smfoods.pt\/loja\/wp-json\/wp\/v2\/product\/71026","targetHints":{"allow":["GET"]}}],"collection":[{"href":"https:\/\/smfoods.pt\/loja\/wp-json\/wp\/v2\/product"}],"about":[{"href":"https:\/\/smfoods.pt\/loja\/wp-json\/wp\/v2\/types\/product"}],"version-history":[{"count":0,"href":"https:\/\/smfoods.pt\/loja\/wp-json\/wp\/v2\/product\/71026\/revisions"}],"wp:featuredmedia":[{"embeddable":true,"href":"https:\/\/smfoods.pt\/loja\/wp-json\/wp\/v2\/media\/71025"}],"wp:attachment":[{"href":"https:\/\/smfoods.pt\/loja\/wp-json\/wp\/v2\/media?parent=71026"}],"wp:term":[{"taxonomy":"product_cat","embeddable":true,"href":"https:\/\/smfoods.pt\/loja\/wp-json\/wp\/v2\/product_cat?post=71026"},{"taxonomy":"product_tag","embeddable":true,"href":"https:\/\/smfoods.pt\/loja\/wp-json\/wp\/v2\/product_tag?post=71026"}],"curies":[{"name":"wp","href":"https:\/\/api.w.org\/{rel}","templated":true}]}}