
{"id":71158,"date":"2023-03-27T11:41:42","date_gmt":"2023-03-27T11:41:42","guid":{"rendered":"https:\/\/smfoods.pt\/loja\/produto\/46999905-nata-vegatal-acucarada-hulala-500-ml\/"},"modified":"2024-03-04T15:51:12","modified_gmt":"2024-03-04T15:51:12","slug":"46999905-nata-vegatal-acucarada-hulala-500-ml","status":"publish","type":"product","link":"https:\/\/smfoods.pt\/loja\/produto\/46999905-nata-vegatal-acucarada-hulala-500-ml\/","title":{"rendered":"Nata Vegatal A\u00e7ucarada Hulala 500 ml"},"content":{"rendered":"<p><strong>Observa\u00e7\u00f5es: <\/strong>Caixa Master 20\u00d7500 ml<br \/>\nSem Lactose<br \/>\nVegetal<br \/>\nConservar entre 5\u00ba a 20\u00ba.<\/p>\n","protected":false},"excerpt":{"rendered":"<p>Observa\u00e7\u00f5es: Caixa Master 20\u00d7500 ml Sem Lactose Vegetal Conservar entre 5\u00ba a 20\u00ba.<\/p>\n","protected":false},"featured_media":71157,"template":"","meta":[],"product_cat":[2977],"product_tag":[],"class_list":{"0":"post-71158","1":"product","2":"type-product","3":"status-publish","4":"has-post-thumbnail","6":"product_cat-pastelaria-natas","8":"first","9":"onbackorder","10":"taxable","11":"shipping-taxable","12":"product-type-simple","13":"add-to-wishlist-before_image","14":"col-xs-6 col-sm-4","15":"col-md-3 col-lg-3","16":"un-4-cols"},"_links":{"self":[{"href":"https:\/\/smfoods.pt\/loja\/wp-json\/wp\/v2\/product\/71158","targetHints":{"allow":["GET"]}}],"collection":[{"href":"https:\/\/smfoods.pt\/loja\/wp-json\/wp\/v2\/product"}],"about":[{"href":"https:\/\/smfoods.pt\/loja\/wp-json\/wp\/v2\/types\/product"}],"version-history":[{"count":0,"href":"https:\/\/smfoods.pt\/loja\/wp-json\/wp\/v2\/product\/71158\/revisions"}],"wp:featuredmedia":[{"embeddable":true,"href":"https:\/\/smfoods.pt\/loja\/wp-json\/wp\/v2\/media\/71157"}],"wp:attachment":[{"href":"https:\/\/smfoods.pt\/loja\/wp-json\/wp\/v2\/media?parent=71158"}],"wp:term":[{"taxonomy":"product_cat","embeddable":true,"href":"https:\/\/smfoods.pt\/loja\/wp-json\/wp\/v2\/product_cat?post=71158"},{"taxonomy":"product_tag","embeddable":true,"href":"https:\/\/smfoods.pt\/loja\/wp-json\/wp\/v2\/product_tag?post=71158"}],"curies":[{"name":"wp","href":"https:\/\/api.w.org\/{rel}","templated":true}]}}