
{"id":71201,"date":"2023-03-27T11:43:54","date_gmt":"2023-03-27T11:43:54","guid":{"rendered":"https:\/\/smfoods.pt\/loja\/produto\/v10103-covilhete-vila-real-retalho-10x6unid\/"},"modified":"2024-03-04T15:09:30","modified_gmt":"2024-03-04T15:09:30","slug":"v10103-covilhete-vila-real-retalho-10x6unid","status":"publish","type":"product","link":"https:\/\/smfoods.pt\/loja\/produto\/v10103-covilhete-vila-real-retalho-10x6unid\/","title":{"rendered":"Covilhete Vila Real Retalho (10x6unid)"},"content":{"rendered":"<p><strong>Observa\u00e7\u00f5es: <\/strong>Covilhete tipico de vila real. Peso untir\u00e1rio +- 80 gr.<br \/>\nIngredientes: Farinha de Trigo (GLUTEN), agua e margarinas.<br \/>\nRecheio: Carnes de vitela (Origem PT), cebola, banha de porco, barriga, presunto, azeite, alho, sal,salsa e louro.<br \/>\nPode conter vestigios de OVO, SOJA, LEITE e FRUTOS CASCA RIJA.<\/p>\n<p>Conservar a -18\u00ba<br \/>\nModo de Utiliza\u00e7\u00e3o: Aquecer o forno a 200\u00ba, sem descongelar meter o covilhete com parte lisa voltada para baixo. Deixar cozinhar 20 minutos.<\/p>\n","protected":false},"excerpt":{"rendered":"<p>Observa\u00e7\u00f5es: Covilhete tipico de vila real. Peso untir\u00e1rio +- 80 gr. Ingredientes: Farinha de Trigo (GLUTEN), agua e margarinas. Recheio: Carnes de vitela (Origem PT), cebola, banha de porco, barriga, presunto, azeite, alho, sal,salsa e louro. Pode conter vestigios de OVO, SOJA, LEITE e FRUTOS CASCA RIJA. Conservar a -18\u00ba Modo de Utiliza\u00e7\u00e3o: Aquecer o&hellip;<\/p>\n","protected":false},"featured_media":71200,"template":"","meta":[],"product_cat":[2996],"product_tag":[],"class_list":{"0":"post-71201","1":"product","2":"type-product","3":"status-publish","4":"has-post-thumbnail","6":"product_cat-frozen-salgadinhos","8":"first","9":"instock","10":"sale","11":"taxable","12":"shipping-taxable","13":"product-type-simple","14":"add-to-wishlist-before_image","15":"col-xs-6 col-sm-4","16":"col-md-3 col-lg-3","17":"un-4-cols"},"_links":{"self":[{"href":"https:\/\/smfoods.pt\/loja\/wp-json\/wp\/v2\/product\/71201","targetHints":{"allow":["GET"]}}],"collection":[{"href":"https:\/\/smfoods.pt\/loja\/wp-json\/wp\/v2\/product"}],"about":[{"href":"https:\/\/smfoods.pt\/loja\/wp-json\/wp\/v2\/types\/product"}],"version-history":[{"count":1,"href":"https:\/\/smfoods.pt\/loja\/wp-json\/wp\/v2\/product\/71201\/revisions"}],"predecessor-version":[{"id":71780,"href":"https:\/\/smfoods.pt\/loja\/wp-json\/wp\/v2\/product\/71201\/revisions\/71780"}],"wp:featuredmedia":[{"embeddable":true,"href":"https:\/\/smfoods.pt\/loja\/wp-json\/wp\/v2\/media\/71200"}],"wp:attachment":[{"href":"https:\/\/smfoods.pt\/loja\/wp-json\/wp\/v2\/media?parent=71201"}],"wp:term":[{"taxonomy":"product_cat","embeddable":true,"href":"https:\/\/smfoods.pt\/loja\/wp-json\/wp\/v2\/product_cat?post=71201"},{"taxonomy":"product_tag","embeddable":true,"href":"https:\/\/smfoods.pt\/loja\/wp-json\/wp\/v2\/product_tag?post=71201"}],"curies":[{"name":"wp","href":"https:\/\/api.w.org\/{rel}","templated":true}]}}