
{"id":71211,"date":"2023-03-27T11:44:16","date_gmt":"2023-03-27T11:44:16","guid":{"rendered":"https:\/\/smfoods.pt\/loja\/produto\/6226-chipirones-puntinhas-enarinhadas-2-kg\/"},"modified":"2024-03-04T15:04:28","modified_gmt":"2024-03-04T15:04:28","slug":"6226-chipirones-puntinhas-enarinhadas-2-kg","status":"publish","type":"product","link":"https:\/\/smfoods.pt\/loja\/produto\/6226-chipirones-puntinhas-enarinhadas-2-kg\/","title":{"rendered":"Chipirones (Puntinhas Enarinhadas) 2 Kg"},"content":{"rendered":"<p><strong>Observa\u00e7\u00f5es: <\/strong>Ideal para entrada ou tapa.<br \/>\nIngredientes: LULA ou  PUNTILLA (80%) (MOLUSCOS), Farinhae TRIGO, agua, amido e sal.<br \/>\nPode conter peda\u00e7os de PEIXE, CRUSTACIOS, AIPO, SOJA , LEITE, OVO, MOSTARDA e SULFITOS.<\/p>\n<p>Modo de Prepara\u00e7\u00e3o: Fritar a 180-200\u00ba 2 a 3 minutos at\u00e9 ficar bem dourados.<\/p>\n","protected":false},"excerpt":{"rendered":"<p>Observa\u00e7\u00f5es: Ideal para entrada ou tapa. Ingredientes: LULA ou PUNTILLA (80%) (MOLUSCOS), Farinhae TRIGO, agua, amido e sal. Pode conter peda\u00e7os de PEIXE, CRUSTACIOS, AIPO, SOJA , LEITE, OVO, MOSTARDA e SULFITOS. Modo de Prepara\u00e7\u00e3o: Fritar a 180-200\u00ba 2 a 3 minutos at\u00e9 ficar bem dourados.<\/p>\n","protected":false},"featured_media":71210,"template":"","meta":[],"product_cat":[2922,3081],"product_tag":[],"class_list":{"0":"post-71211","1":"product","2":"type-product","3":"status-publish","4":"has-post-thumbnail","6":"product_cat-restauracao-novidades","7":"product_cat-restauracao-peixes-outros","9":"first","10":"instock","11":"taxable","12":"shipping-taxable","13":"product-type-simple","14":"add-to-wishlist-before_image","15":"col-xs-6 col-sm-4","16":"col-md-3 col-lg-3","17":"un-4-cols"},"_links":{"self":[{"href":"https:\/\/smfoods.pt\/loja\/wp-json\/wp\/v2\/product\/71211","targetHints":{"allow":["GET"]}}],"collection":[{"href":"https:\/\/smfoods.pt\/loja\/wp-json\/wp\/v2\/product"}],"about":[{"href":"https:\/\/smfoods.pt\/loja\/wp-json\/wp\/v2\/types\/product"}],"version-history":[{"count":1,"href":"https:\/\/smfoods.pt\/loja\/wp-json\/wp\/v2\/product\/71211\/revisions"}],"predecessor-version":[{"id":71723,"href":"https:\/\/smfoods.pt\/loja\/wp-json\/wp\/v2\/product\/71211\/revisions\/71723"}],"wp:featuredmedia":[{"embeddable":true,"href":"https:\/\/smfoods.pt\/loja\/wp-json\/wp\/v2\/media\/71210"}],"wp:attachment":[{"href":"https:\/\/smfoods.pt\/loja\/wp-json\/wp\/v2\/media?parent=71211"}],"wp:term":[{"taxonomy":"product_cat","embeddable":true,"href":"https:\/\/smfoods.pt\/loja\/wp-json\/wp\/v2\/product_cat?post=71211"},{"taxonomy":"product_tag","embeddable":true,"href":"https:\/\/smfoods.pt\/loja\/wp-json\/wp\/v2\/product_tag?post=71211"}],"curies":[{"name":"wp","href":"https:\/\/api.w.org\/{rel}","templated":true}]}}