
{"id":71368,"date":"2023-03-27T11:52:29","date_gmt":"2023-03-27T11:52:29","guid":{"rendered":"https:\/\/smfoods.pt\/loja\/produto\/tppspa1-topper-bolo-mdf-super-pai-azul-10-unid\/"},"modified":"2024-03-04T15:47:40","modified_gmt":"2024-03-04T15:47:40","slug":"tppspa1-topper-bolo-mdf-super-pai-azul-10-unid","status":"publish","type":"product","link":"https:\/\/smfoods.pt\/loja\/produto\/tppspa1-topper-bolo-mdf-super-pai-azul-10-unid\/","title":{"rendered":"Topper Bolo MDF Super Pai Azul (10 unid)"},"content":{"rendered":"<p><strong>Observa\u00e7\u00f5es: <\/strong>Material: MDF<br \/>\nDimens\u00f5es: 14 Altura x 14 Largura<\/p>\n","protected":false},"excerpt":{"rendered":"<p>Observa\u00e7\u00f5es: Material: MDF Dimens\u00f5es: 14 Altura x 14 Largura<\/p>\n","protected":false},"featured_media":71367,"template":"","meta":[],"product_cat":[2916,3001],"product_tag":[],"class_list":{"0":"post-71368","1":"product","2":"type-product","3":"status-publish","4":"has-post-thumbnail","6":"product_cat-gelataria-novidades","7":"product_cat-pastelaria-toppers-bolos","9":"first","10":"instock","11":"taxable","12":"shipping-taxable","13":"product-type-simple","14":"add-to-wishlist-before_image","15":"col-xs-6 col-sm-4","16":"col-md-3 col-lg-3","17":"un-4-cols"},"_links":{"self":[{"href":"https:\/\/smfoods.pt\/loja\/wp-json\/wp\/v2\/product\/71368","targetHints":{"allow":["GET"]}}],"collection":[{"href":"https:\/\/smfoods.pt\/loja\/wp-json\/wp\/v2\/product"}],"about":[{"href":"https:\/\/smfoods.pt\/loja\/wp-json\/wp\/v2\/types\/product"}],"version-history":[{"count":1,"href":"https:\/\/smfoods.pt\/loja\/wp-json\/wp\/v2\/product\/71368\/revisions"}],"predecessor-version":[{"id":71900,"href":"https:\/\/smfoods.pt\/loja\/wp-json\/wp\/v2\/product\/71368\/revisions\/71900"}],"wp:featuredmedia":[{"embeddable":true,"href":"https:\/\/smfoods.pt\/loja\/wp-json\/wp\/v2\/media\/71367"}],"wp:attachment":[{"href":"https:\/\/smfoods.pt\/loja\/wp-json\/wp\/v2\/media?parent=71368"}],"wp:term":[{"taxonomy":"product_cat","embeddable":true,"href":"https:\/\/smfoods.pt\/loja\/wp-json\/wp\/v2\/product_cat?post=71368"},{"taxonomy":"product_tag","embeddable":true,"href":"https:\/\/smfoods.pt\/loja\/wp-json\/wp\/v2\/product_tag?post=71368"}],"curies":[{"name":"wp","href":"https:\/\/api.w.org\/{rel}","templated":true}]}}