
{"id":71382,"date":"2023-03-27T11:53:07","date_gmt":"2023-03-27T11:53:07","guid":{"rendered":"https:\/\/smfoods.pt\/loja\/produto\/cr35-pasta-arachide-amendoim-elite-iceberg-45-kg\/"},"modified":"2024-03-04T15:33:37","modified_gmt":"2024-03-04T15:33:37","slug":"cr35-pasta-arachide-amendoim-elite-iceberg-45-kg","status":"publish","type":"product","link":"https:\/\/smfoods.pt\/loja\/produto\/cr35-pasta-arachide-amendoim-elite-iceberg-45-kg\/","title":{"rendered":"Pasta Arachide\/ Amendoim Elite Iceberg 4,5 Kg"},"content":{"rendered":"<p><strong>Observa\u00e7\u00f5es: <\/strong>Pasta de amendoim elite. Dosagem de aplica\u00e7\u00e3o 100gr.<br \/>\nCaixa Master com 2 baldes<\/p>\n","protected":false},"excerpt":{"rendered":"<p>Observa\u00e7\u00f5es: Pasta de amendoim elite. Dosagem de aplica\u00e7\u00e3o 100gr. Caixa Master com 2 baldes<\/p>\n","protected":false},"featured_media":72786,"template":"","meta":[],"product_cat":[2984],"product_tag":[],"class_list":{"0":"post-71382","1":"product","2":"type-product","3":"status-publish","4":"has-post-thumbnail","6":"product_cat-pastelaria-pastas-aromatizantes","8":"first","9":"instock","10":"taxable","11":"shipping-taxable","12":"product-type-simple","13":"add-to-wishlist-before_image","14":"col-xs-6 col-sm-4","15":"col-md-3 col-lg-3","16":"un-4-cols"},"_links":{"self":[{"href":"https:\/\/smfoods.pt\/loja\/wp-json\/wp\/v2\/product\/71382","targetHints":{"allow":["GET"]}}],"collection":[{"href":"https:\/\/smfoods.pt\/loja\/wp-json\/wp\/v2\/product"}],"about":[{"href":"https:\/\/smfoods.pt\/loja\/wp-json\/wp\/v2\/types\/product"}],"version-history":[{"count":0,"href":"https:\/\/smfoods.pt\/loja\/wp-json\/wp\/v2\/product\/71382\/revisions"}],"wp:featuredmedia":[{"embeddable":true,"href":"https:\/\/smfoods.pt\/loja\/wp-json\/wp\/v2\/media\/72786"}],"wp:attachment":[{"href":"https:\/\/smfoods.pt\/loja\/wp-json\/wp\/v2\/media?parent=71382"}],"wp:term":[{"taxonomy":"product_cat","embeddable":true,"href":"https:\/\/smfoods.pt\/loja\/wp-json\/wp\/v2\/product_cat?post=71382"},{"taxonomy":"product_tag","embeddable":true,"href":"https:\/\/smfoods.pt\/loja\/wp-json\/wp\/v2\/product_tag?post=71382"}],"curies":[{"name":"wp","href":"https:\/\/api.w.org\/{rel}","templated":true}]}}