
{"id":71921,"date":"2023-03-27T15:55:16","date_gmt":"2023-03-27T15:55:16","guid":{"rendered":"https:\/\/smfoods.pt\/loja\/produto\/pfl12-pronto-mandarina-tangerina-14-kg\/"},"modified":"2024-03-04T15:38:52","modified_gmt":"2024-03-04T15:38:52","slug":"pfl12-pronto-mandarina-tangerina-14-kg","status":"publish","type":"product","link":"https:\/\/smfoods.pt\/loja\/produto\/pfl12-pronto-mandarina-tangerina-14-kg\/","title":{"rendered":"Pronto Mandarina \/ Tangerina 1,4 Kg"},"content":{"rendered":"<p><strong>Observa\u00e7\u00f5es: <\/strong>Preparado complet para fazer gelado de Tangerina.<br \/>\nReceita: 1 Pacotes, 3 Litros \u00e1gua.<br \/>\nCaixa Master de 10\u00d71,4 Kg.<\/p>\n","protected":false},"excerpt":{"rendered":"<p>Observa\u00e7\u00f5es: Preparado complet para fazer gelado de Tangerina. Receita: 1 Pacotes, 3 Litros \u00e1gua. Caixa Master de 10\u00d71,4 Kg.<\/p>\n","protected":false},"featured_media":71920,"template":"","meta":[],"product_cat":[2928,2959],"product_tag":[],"class_list":{"0":"post-71921","1":"product","2":"type-product","3":"status-publish","4":"has-post-thumbnail","6":"product_cat-restauracao-bebidas","7":"product_cat-gelataria-granizados","9":"first","10":"instock","11":"taxable","12":"shipping-taxable","13":"product-type-simple","14":"add-to-wishlist-before_image","15":"col-xs-6 col-sm-4","16":"col-md-3 col-lg-3","17":"un-4-cols"},"_links":{"self":[{"href":"https:\/\/smfoods.pt\/loja\/wp-json\/wp\/v2\/product\/71921","targetHints":{"allow":["GET"]}}],"collection":[{"href":"https:\/\/smfoods.pt\/loja\/wp-json\/wp\/v2\/product"}],"about":[{"href":"https:\/\/smfoods.pt\/loja\/wp-json\/wp\/v2\/types\/product"}],"version-history":[{"count":0,"href":"https:\/\/smfoods.pt\/loja\/wp-json\/wp\/v2\/product\/71921\/revisions"}],"wp:featuredmedia":[{"embeddable":true,"href":"https:\/\/smfoods.pt\/loja\/wp-json\/wp\/v2\/media\/71920"}],"wp:attachment":[{"href":"https:\/\/smfoods.pt\/loja\/wp-json\/wp\/v2\/media?parent=71921"}],"wp:term":[{"taxonomy":"product_cat","embeddable":true,"href":"https:\/\/smfoods.pt\/loja\/wp-json\/wp\/v2\/product_cat?post=71921"},{"taxonomy":"product_tag","embeddable":true,"href":"https:\/\/smfoods.pt\/loja\/wp-json\/wp\/v2\/product_tag?post=71921"}],"curies":[{"name":"wp","href":"https:\/\/api.w.org\/{rel}","templated":true}]}}