
{"id":72242,"date":"2024-03-04T15:00:34","date_gmt":"2024-03-04T15:00:34","guid":{"rendered":"https:\/\/smfoods.pt\/loja\/produto\/dcp-10black-89b-cacau-em-po-black-noir-intense-100-1-kg\/"},"modified":"2024-03-04T15:00:34","modified_gmt":"2024-03-04T15:00:34","slug":"dcp-10black-89b-cacau-em-po-black-noir-intense-100-1-kg","status":"publish","type":"product","link":"https:\/\/smfoods.pt\/loja\/produto\/dcp-10black-89b-cacau-em-po-black-noir-intense-100-1-kg\/","title":{"rendered":"Cacau em P\u00f3 Black Noir Intense 100% 1 Kg"},"content":{"rendered":"<p><strong>Observa\u00e7\u00f5es: <\/strong>Cacau totalmento negro.<br \/>\nCaixa master com 6\u00d71 Kg<\/p>\n","protected":false},"excerpt":{"rendered":"<p>Observa\u00e7\u00f5es: Cacau totalmento negro. Caixa master com 6\u00d71 Kg<\/p>\n","protected":false},"featured_media":72241,"template":"","meta":[],"product_cat":[2936,2921],"product_tag":[],"class_list":{"0":"post-72242","1":"product","2":"type-product","3":"status-publish","4":"has-post-thumbnail","6":"product_cat-pastelaria-chocolates-e-sucedaneos","7":"product_cat-pastelaria-novidades","9":"first","10":"instock","11":"taxable","12":"shipping-taxable","13":"product-type-simple","14":"add-to-wishlist-before_image","15":"col-xs-6 col-sm-4","16":"col-md-3 col-lg-3","17":"un-4-cols"},"_links":{"self":[{"href":"https:\/\/smfoods.pt\/loja\/wp-json\/wp\/v2\/product\/72242","targetHints":{"allow":["GET"]}}],"collection":[{"href":"https:\/\/smfoods.pt\/loja\/wp-json\/wp\/v2\/product"}],"about":[{"href":"https:\/\/smfoods.pt\/loja\/wp-json\/wp\/v2\/types\/product"}],"version-history":[{"count":0,"href":"https:\/\/smfoods.pt\/loja\/wp-json\/wp\/v2\/product\/72242\/revisions"}],"wp:featuredmedia":[{"embeddable":true,"href":"https:\/\/smfoods.pt\/loja\/wp-json\/wp\/v2\/media\/72241"}],"wp:attachment":[{"href":"https:\/\/smfoods.pt\/loja\/wp-json\/wp\/v2\/media?parent=72242"}],"wp:term":[{"taxonomy":"product_cat","embeddable":true,"href":"https:\/\/smfoods.pt\/loja\/wp-json\/wp\/v2\/product_cat?post=72242"},{"taxonomy":"product_tag","embeddable":true,"href":"https:\/\/smfoods.pt\/loja\/wp-json\/wp\/v2\/product_tag?post=72242"}],"curies":[{"name":"wp","href":"https:\/\/api.w.org\/{rel}","templated":true}]}}