
{"id":72249,"date":"2024-03-04T15:00:48","date_gmt":"2024-03-04T15:00:48","guid":{"rendered":"https:\/\/smfoods.pt\/loja\/produto\/dhpd042-panna-cotta-dihor-880-gr\/"},"modified":"2024-03-04T15:00:48","modified_gmt":"2024-03-04T15:00:48","slug":"dhpd042-panna-cotta-dihor-880-gr","status":"publish","type":"product","link":"https:\/\/smfoods.pt\/loja\/produto\/dhpd042-panna-cotta-dihor-880-gr\/","title":{"rendered":"Panna Cotta DIHOR 880 gr"},"content":{"rendered":"<p><strong>Observa\u00e7\u00f5es: <\/strong>Receita:<br \/>\nFerver 1 Litro Leite e adicionar o conteudo da saquetas, mexendo at\u00e9 dissolver;<br \/>\nRetire do lume, adicione 1 L Nata e mexa r\u00e1pidamente;<br \/>\nColoque em ta\u00e7as no frigorifico 3 horas antes de servir;<\/p>\n<p>Produtos relacionados:<br \/>\nNata hulala 1 L<br \/>\nCoberfil Frutos Silvestres ou Morango<\/p>\n","protected":false},"excerpt":{"rendered":"<p>Observa\u00e7\u00f5es: Receita: Ferver 1 Litro Leite e adicionar o conteudo da saquetas, mexendo at\u00e9 dissolver; Retire do lume, adicione 1 L Nata e mexa r\u00e1pidamente; Coloque em ta\u00e7as no frigorifico 3 horas antes de servir; Produtos relacionados: Nata hulala 1 L Coberfil Frutos Silvestres ou Morango<\/p>\n","protected":false},"featured_media":72247,"template":"","meta":[],"product_cat":[2999],"product_tag":[],"class_list":{"0":"post-72249","1":"product","2":"type-product","3":"status-publish","4":"has-post-thumbnail","6":"product_cat-restauracao-sobremesas","8":"first","9":"instock","10":"taxable","11":"shipping-taxable","12":"product-type-simple","13":"add-to-wishlist-before_image","14":"col-xs-6 col-sm-4","15":"col-md-3 col-lg-3","16":"un-4-cols"},"_links":{"self":[{"href":"https:\/\/smfoods.pt\/loja\/wp-json\/wp\/v2\/product\/72249","targetHints":{"allow":["GET"]}}],"collection":[{"href":"https:\/\/smfoods.pt\/loja\/wp-json\/wp\/v2\/product"}],"about":[{"href":"https:\/\/smfoods.pt\/loja\/wp-json\/wp\/v2\/types\/product"}],"version-history":[{"count":0,"href":"https:\/\/smfoods.pt\/loja\/wp-json\/wp\/v2\/product\/72249\/revisions"}],"wp:featuredmedia":[{"embeddable":true,"href":"https:\/\/smfoods.pt\/loja\/wp-json\/wp\/v2\/media\/72247"}],"wp:attachment":[{"href":"https:\/\/smfoods.pt\/loja\/wp-json\/wp\/v2\/media?parent=72249"}],"wp:term":[{"taxonomy":"product_cat","embeddable":true,"href":"https:\/\/smfoods.pt\/loja\/wp-json\/wp\/v2\/product_cat?post=72249"},{"taxonomy":"product_tag","embeddable":true,"href":"https:\/\/smfoods.pt\/loja\/wp-json\/wp\/v2\/product_tag?post=72249"}],"curies":[{"name":"wp","href":"https:\/\/api.w.org\/{rel}","templated":true}]}}