
{"id":72266,"date":"2024-03-04T15:01:39","date_gmt":"2024-03-04T15:01:39","guid":{"rendered":"https:\/\/smfoods.pt\/loja\/produto\/4040-tapioca-granulada-1-kg\/"},"modified":"2024-03-04T15:01:39","modified_gmt":"2024-03-04T15:01:39","slug":"4040-tapioca-granulada-1-kg","status":"publish","type":"product","link":"https:\/\/smfoods.pt\/loja\/produto\/4040-tapioca-granulada-1-kg\/","title":{"rendered":"Tapioca Granulada 1 Kg"},"content":{"rendered":"<p><strong>Observa\u00e7\u00f5es: <\/strong>Ingredientes: Tapioca (100%)<br \/>\nOrigem: Brasil<\/p>\n<p>Informa\u00e7\u00e3o Nutricional:<br \/>\nValor energ\u00e9tico(kcal\/kJ): 356\/ 1491<br \/>\nL\u00edpidos: 2,1 g<br \/>\ndos quais saturados: 0 g<br \/>\nHidratos de carbono: 89 g<br \/>\ndos quais a\u00e7ucares: 0 g<br \/>\nProte\u00ednas: 0 g<br \/>\nSal: 0,069 g<\/p>\n","protected":false},"excerpt":{"rendered":"<p>Observa\u00e7\u00f5es: Ingredientes: Tapioca (100%) Origem: Brasil Informa\u00e7\u00e3o Nutricional: Valor energ\u00e9tico(kcal\/kJ): 356\/ 1491 L\u00edpidos: 2,1 g dos quais saturados: 0 g Hidratos de carbono: 89 g dos quais a\u00e7ucares: 0 g Prote\u00ednas: 0 g Sal: 0,069 g<\/p>\n","protected":false},"featured_media":72265,"template":"","meta":[],"product_cat":[2957],"product_tag":[],"class_list":{"0":"post-72266","1":"product","2":"type-product","3":"status-publish","4":"has-post-thumbnail","6":"product_cat-pastelaria-frutos-secos","8":"first","9":"instock","10":"taxable","11":"shipping-taxable","12":"product-type-simple","13":"add-to-wishlist-before_image","14":"col-xs-6 col-sm-4","15":"col-md-3 col-lg-3","16":"un-4-cols"},"_links":{"self":[{"href":"https:\/\/smfoods.pt\/loja\/wp-json\/wp\/v2\/product\/72266","targetHints":{"allow":["GET"]}}],"collection":[{"href":"https:\/\/smfoods.pt\/loja\/wp-json\/wp\/v2\/product"}],"about":[{"href":"https:\/\/smfoods.pt\/loja\/wp-json\/wp\/v2\/types\/product"}],"version-history":[{"count":0,"href":"https:\/\/smfoods.pt\/loja\/wp-json\/wp\/v2\/product\/72266\/revisions"}],"wp:featuredmedia":[{"embeddable":true,"href":"https:\/\/smfoods.pt\/loja\/wp-json\/wp\/v2\/media\/72265"}],"wp:attachment":[{"href":"https:\/\/smfoods.pt\/loja\/wp-json\/wp\/v2\/media?parent=72266"}],"wp:term":[{"taxonomy":"product_cat","embeddable":true,"href":"https:\/\/smfoods.pt\/loja\/wp-json\/wp\/v2\/product_cat?post=72266"},{"taxonomy":"product_tag","embeddable":true,"href":"https:\/\/smfoods.pt\/loja\/wp-json\/wp\/v2\/product_tag?post=72266"}],"curies":[{"name":"wp","href":"https:\/\/api.w.org\/{rel}","templated":true}]}}