
{"id":72290,"date":"2024-03-04T15:04:25","date_gmt":"2024-03-04T15:04:25","guid":{"rendered":"https:\/\/smfoods.pt\/loja\/produto\/9100010214-veggiealheira-alheiras-vegan\/"},"modified":"2024-03-04T15:04:25","modified_gmt":"2024-03-04T15:04:25","slug":"9100010214-veggiealheira-alheiras-vegan","status":"publish","type":"product","link":"https:\/\/smfoods.pt\/loja\/produto\/9100010214-veggiealheira-alheiras-vegan\/","title":{"rendered":"VEGGIEALHEIRA- Alheiras Vegan"},"content":{"rendered":"<p><strong>Observa\u00e7\u00f5es: <\/strong>Caixa (+- 14 alheiras Higienizadas de 215gr).<br \/>\nIngredientes: 57% P\u00c3O; 10 % COGUMELOS; 10 % ALCAPARRAS; 8% CENOURA; 6% AZEITE;3% PIMENTO VERDE E VERMELHO; 3% CEBOLA; 2% SAL; 0,5%<br \/>\nALHO; 0,5% PIMENT\u00c3O.<br \/>\nConservar de entre 0 e 5\u00ba.<\/p>\n","protected":false},"excerpt":{"rendered":"<p>Observa\u00e7\u00f5es: Caixa (+- 14 alheiras Higienizadas de 215gr). Ingredientes: 57% P\u00c3O; 10 % COGUMELOS; 10 % ALCAPARRAS; 8% CENOURA; 6% AZEITE;3% PIMENTO VERDE E VERMELHO; 3% CEBOLA; 2% SAL; 0,5% ALHO; 0,5% PIMENT\u00c3O. Conservar de entre 0 e 5\u00ba.<\/p>\n","protected":false},"featured_media":72289,"template":"","meta":[],"product_cat":[2935],"product_tag":[],"class_list":{"0":"post-72290","1":"product","2":"type-product","3":"status-publish","4":"has-post-thumbnail","6":"product_cat-restauracao-charcutaria","8":"first","9":"onbackorder","10":"taxable","11":"shipping-taxable","12":"product-type-simple","13":"add-to-wishlist-before_image","14":"col-xs-6 col-sm-4","15":"col-md-3 col-lg-3","16":"un-4-cols"},"_links":{"self":[{"href":"https:\/\/smfoods.pt\/loja\/wp-json\/wp\/v2\/product\/72290","targetHints":{"allow":["GET"]}}],"collection":[{"href":"https:\/\/smfoods.pt\/loja\/wp-json\/wp\/v2\/product"}],"about":[{"href":"https:\/\/smfoods.pt\/loja\/wp-json\/wp\/v2\/types\/product"}],"version-history":[{"count":0,"href":"https:\/\/smfoods.pt\/loja\/wp-json\/wp\/v2\/product\/72290\/revisions"}],"wp:featuredmedia":[{"embeddable":true,"href":"https:\/\/smfoods.pt\/loja\/wp-json\/wp\/v2\/media\/72289"}],"wp:attachment":[{"href":"https:\/\/smfoods.pt\/loja\/wp-json\/wp\/v2\/media?parent=72290"}],"wp:term":[{"taxonomy":"product_cat","embeddable":true,"href":"https:\/\/smfoods.pt\/loja\/wp-json\/wp\/v2\/product_cat?post=72290"},{"taxonomy":"product_tag","embeddable":true,"href":"https:\/\/smfoods.pt\/loja\/wp-json\/wp\/v2\/product_tag?post=72290"}],"curies":[{"name":"wp","href":"https:\/\/api.w.org\/{rel}","templated":true}]}}