
{"id":72340,"date":"2024-03-04T15:08:28","date_gmt":"2024-03-04T15:08:28","guid":{"rendered":"https:\/\/smfoods.pt\/loja\/produto\/9100010221-alheira-de-caca-kg\/"},"modified":"2024-03-04T15:08:28","modified_gmt":"2024-03-04T15:08:28","slug":"9100010221-alheira-de-caca-kg","status":"publish","type":"product","link":"https:\/\/smfoods.pt\/loja\/produto\/9100010221-alheira-de-caca-kg\/","title":{"rendered":"Alheira de Ca\u00e7a Kg"},"content":{"rendered":"<p><strong>Observa\u00e7\u00f5es: <\/strong>Caixa tem 2 sacos de 7alheiras cada(+- 14 alheiras de 215gr).<br \/>\nIngredientes: 35.0% P\u00e3o; 27.1% Veado\/Javali\/Muflon; 23.2% Aves; 11.7% Carne e gordura macia de su\u00edno; 0.8% Alho; 0.8% Sal; 0.8% Azeite;<br \/>\n0.4% Piment\u00e3o; 0.2% Malagueta.<br \/>\nConservar de entre 0 e 5\u00ba.<\/p>\n","protected":false},"excerpt":{"rendered":"<p>Observa\u00e7\u00f5es: Caixa tem 2 sacos de 7alheiras cada(+- 14 alheiras de 215gr). Ingredientes: 35.0% P\u00e3o; 27.1% Veado\/Javali\/Muflon; 23.2% Aves; 11.7% Carne e gordura macia de su\u00edno; 0.8% Alho; 0.8% Sal; 0.8% Azeite; 0.4% Piment\u00e3o; 0.2% Malagueta. Conservar de entre 0 e 5\u00ba.<\/p>\n","protected":false},"featured_media":72339,"template":"","meta":[],"product_cat":[2935],"product_tag":[],"class_list":{"0":"post-72340","1":"product","2":"type-product","3":"status-publish","4":"has-post-thumbnail","6":"product_cat-restauracao-charcutaria","8":"first","9":"instock","10":"taxable","11":"shipping-taxable","12":"product-type-simple","13":"add-to-wishlist-before_image","14":"col-xs-6 col-sm-4","15":"col-md-3 col-lg-3","16":"un-4-cols"},"_links":{"self":[{"href":"https:\/\/smfoods.pt\/loja\/wp-json\/wp\/v2\/product\/72340","targetHints":{"allow":["GET"]}}],"collection":[{"href":"https:\/\/smfoods.pt\/loja\/wp-json\/wp\/v2\/product"}],"about":[{"href":"https:\/\/smfoods.pt\/loja\/wp-json\/wp\/v2\/types\/product"}],"version-history":[{"count":0,"href":"https:\/\/smfoods.pt\/loja\/wp-json\/wp\/v2\/product\/72340\/revisions"}],"wp:featuredmedia":[{"embeddable":true,"href":"https:\/\/smfoods.pt\/loja\/wp-json\/wp\/v2\/media\/72339"}],"wp:attachment":[{"href":"https:\/\/smfoods.pt\/loja\/wp-json\/wp\/v2\/media?parent=72340"}],"wp:term":[{"taxonomy":"product_cat","embeddable":true,"href":"https:\/\/smfoods.pt\/loja\/wp-json\/wp\/v2\/product_cat?post=72340"},{"taxonomy":"product_tag","embeddable":true,"href":"https:\/\/smfoods.pt\/loja\/wp-json\/wp\/v2\/product_tag?post=72340"}],"curies":[{"name":"wp","href":"https:\/\/api.w.org\/{rel}","templated":true}]}}