
{"id":72347,"date":"2024-03-04T15:08:51","date_gmt":"2024-03-04T15:08:51","guid":{"rendered":"https:\/\/smfoods.pt\/loja\/produto\/770001-asas-de-frango-barbecue-500-gr\/"},"modified":"2024-03-04T15:08:51","modified_gmt":"2024-03-04T15:08:51","slug":"770001-asas-de-frango-barbecue-500-gr","status":"publish","type":"product","link":"https:\/\/smfoods.pt\/loja\/produto\/770001-asas-de-frango-barbecue-500-gr\/","title":{"rendered":"Asas de Frango Barbecue 500 gr"},"content":{"rendered":"<p><strong>Observa\u00e7\u00f5es: <\/strong>Peso de cada Asa 40\/47gr<br \/>\nCaixa Master com 10 sacos.<br \/>\nIdeal para tapas, entradas e prato principal.<\/p>\n<p>Ingredientes: Asas de frango (90%), molho (\u00e1gua, salmoura (sal, estabilizadores (E-451, E450), intensificador de sabor (E-621), maltodextrina (trigo), a\u00e7\u00facar, cebola, \u00f3leos<br \/>\nessenciais e extrato de especiarias), alho (alho, sal, antioxidante (E-330)),<br \/>\naroma [(aroma, aroma de fume e intensificadores do sabor (E-621, E-631, E627) e corante (E -150d) (cont\u00e9m GL\u00daTEN, LEITE e SOJA)], amido modificado,<br \/>\ncaldo vegetal desidratado (cont\u00e9m intensificador de sabor (E-621)), vinagre de<br \/>\n\u00e1lcool, sal, a\u00e7\u00facar, especiarias, extrato de p\u00e1prica, aroma picante e aroma de<br \/>\nfume. Pode conter vestigios de AIPO, OVO, MOSTARDA, PEIXE, MOLUSCOS,<br \/>\nCRUST\u00c1CEOS e SULFITOS<\/p>\n<p>Modo de Prepara\u00e7\u00e3o: FRITADEIRA: Fritar em \u00f3leo abundante e quente a 180-185\u00baC durante 5 a 6<br \/>\nminutos.<br \/>\nFORNO: coloque no forno pr\u00e9<\/p>\n","protected":false},"excerpt":{"rendered":"<p>Observa\u00e7\u00f5es: Peso de cada Asa 40\/47gr Caixa Master com 10 sacos. Ideal para tapas, entradas e prato principal. Ingredientes: Asas de frango (90%), molho (\u00e1gua, salmoura (sal, estabilizadores (E-451, E450), intensificador de sabor (E-621), maltodextrina (trigo), a\u00e7\u00facar, cebola, \u00f3leos essenciais e extrato de especiarias), alho (alho, sal, antioxidante (E-330)), aroma [(aroma, aroma de fume e&hellip;<\/p>\n","protected":false},"featured_media":72345,"template":"","meta":[],"product_cat":[2934,2922],"product_tag":[],"class_list":{"0":"post-72347","1":"product","2":"type-product","3":"status-publish","4":"has-post-thumbnail","6":"product_cat-restauracao-carnes","7":"product_cat-restauracao-novidades","9":"first","10":"instock","11":"taxable","12":"shipping-taxable","13":"product-type-simple","14":"add-to-wishlist-before_image","15":"col-xs-6 col-sm-4","16":"col-md-3 col-lg-3","17":"un-4-cols"},"_links":{"self":[{"href":"https:\/\/smfoods.pt\/loja\/wp-json\/wp\/v2\/product\/72347","targetHints":{"allow":["GET"]}}],"collection":[{"href":"https:\/\/smfoods.pt\/loja\/wp-json\/wp\/v2\/product"}],"about":[{"href":"https:\/\/smfoods.pt\/loja\/wp-json\/wp\/v2\/types\/product"}],"version-history":[{"count":0,"href":"https:\/\/smfoods.pt\/loja\/wp-json\/wp\/v2\/product\/72347\/revisions"}],"wp:featuredmedia":[{"embeddable":true,"href":"https:\/\/smfoods.pt\/loja\/wp-json\/wp\/v2\/media\/72345"}],"wp:attachment":[{"href":"https:\/\/smfoods.pt\/loja\/wp-json\/wp\/v2\/media?parent=72347"}],"wp:term":[{"taxonomy":"product_cat","embeddable":true,"href":"https:\/\/smfoods.pt\/loja\/wp-json\/wp\/v2\/product_cat?post=72347"},{"taxonomy":"product_tag","embeddable":true,"href":"https:\/\/smfoods.pt\/loja\/wp-json\/wp\/v2\/product_tag?post=72347"}],"curies":[{"name":"wp","href":"https:\/\/api.w.org\/{rel}","templated":true}]}}