
{"id":72361,"date":"2024-03-04T15:10:08","date_gmt":"2024-03-04T15:10:08","guid":{"rendered":"https:\/\/smfoods.pt\/loja\/produto\/35110101-macarrons-artesanais-formato-coracao-vermelho-35-unidades\/"},"modified":"2024-03-04T15:10:08","modified_gmt":"2024-03-04T15:10:08","slug":"35110101-macarrons-artesanais-formato-coracao-vermelho-35-unidades","status":"publish","type":"product","link":"https:\/\/smfoods.pt\/loja\/produto\/35110101-macarrons-artesanais-formato-coracao-vermelho-35-unidades\/","title":{"rendered":"Macarrons Artesanais formato Cora\u00e7\u00e3o Vermelho (35 unidades)"},"content":{"rendered":"<p><strong>Observa\u00e7\u00f5es: <\/strong><\/p>\n","protected":false},"excerpt":{"rendered":"<p>Observa\u00e7\u00f5es:<\/p>\n","protected":false},"featured_media":72360,"template":"","meta":[],"product_cat":[3071,2921,2922],"product_tag":[],"class_list":{"0":"post-72361","1":"product","2":"type-product","3":"status-publish","4":"has-post-thumbnail","6":"product_cat-frozen-pastelaria-macarons","7":"product_cat-pastelaria-novidades","8":"product_cat-restauracao-novidades","10":"first","11":"onbackorder","12":"taxable","13":"shipping-taxable","14":"product-type-simple","15":"add-to-wishlist-before_image","16":"col-xs-6 col-sm-4","17":"col-md-3 col-lg-3","18":"un-4-cols"},"_links":{"self":[{"href":"https:\/\/smfoods.pt\/loja\/wp-json\/wp\/v2\/product\/72361","targetHints":{"allow":["GET"]}}],"collection":[{"href":"https:\/\/smfoods.pt\/loja\/wp-json\/wp\/v2\/product"}],"about":[{"href":"https:\/\/smfoods.pt\/loja\/wp-json\/wp\/v2\/types\/product"}],"version-history":[{"count":0,"href":"https:\/\/smfoods.pt\/loja\/wp-json\/wp\/v2\/product\/72361\/revisions"}],"wp:featuredmedia":[{"embeddable":true,"href":"https:\/\/smfoods.pt\/loja\/wp-json\/wp\/v2\/media\/72360"}],"wp:attachment":[{"href":"https:\/\/smfoods.pt\/loja\/wp-json\/wp\/v2\/media?parent=72361"}],"wp:term":[{"taxonomy":"product_cat","embeddable":true,"href":"https:\/\/smfoods.pt\/loja\/wp-json\/wp\/v2\/product_cat?post=72361"},{"taxonomy":"product_tag","embeddable":true,"href":"https:\/\/smfoods.pt\/loja\/wp-json\/wp\/v2\/product_tag?post=72361"}],"curies":[{"name":"wp","href":"https:\/\/api.w.org\/{rel}","templated":true}]}}