
{"id":72375,"date":"2024-03-04T15:10:37","date_gmt":"2024-03-04T15:10:37","guid":{"rendered":"https:\/\/smfoods.pt\/loja\/produto\/160162-disco-hostia-para-bolo-barbie-20cm\/"},"modified":"2024-03-04T15:10:37","modified_gmt":"2024-03-04T15:10:37","slug":"160162-disco-hostia-para-bolo-barbie-20cm","status":"publish","type":"product","link":"https:\/\/smfoods.pt\/loja\/produto\/160162-disco-hostia-para-bolo-barbie-20cm\/","title":{"rendered":"Disco H\u00f3stia para Bolo Barbie 20cm"},"content":{"rendered":"<p><strong>Observa\u00e7\u00f5es: <\/strong>Ingredientes: \u00d3leo de girassol, \u00c1gua, Amido de batata<br \/>\nCorantes: E102, E122, E133, E151<br \/>\nEspessante: Maltodextrina<\/p>\n","protected":false},"excerpt":{"rendered":"<p>Observa\u00e7\u00f5es: Ingredientes: \u00d3leo de girassol, \u00c1gua, Amido de batata Corantes: E102, E122, E133, E151 Espessante: Maltodextrina<\/p>\n","protected":false},"featured_media":72373,"template":"","meta":[],"product_cat":[2950],"product_tag":[],"class_list":{"0":"post-72375","1":"product","2":"type-product","3":"status-publish","4":"has-post-thumbnail","6":"product_cat-pastelaria-flores-e-decoracoes","8":"first","9":"onbackorder","10":"taxable","11":"shipping-taxable","12":"product-type-simple","13":"add-to-wishlist-before_image","14":"col-xs-6 col-sm-4","15":"col-md-3 col-lg-3","16":"un-4-cols"},"_links":{"self":[{"href":"https:\/\/smfoods.pt\/loja\/wp-json\/wp\/v2\/product\/72375","targetHints":{"allow":["GET"]}}],"collection":[{"href":"https:\/\/smfoods.pt\/loja\/wp-json\/wp\/v2\/product"}],"about":[{"href":"https:\/\/smfoods.pt\/loja\/wp-json\/wp\/v2\/types\/product"}],"version-history":[{"count":0,"href":"https:\/\/smfoods.pt\/loja\/wp-json\/wp\/v2\/product\/72375\/revisions"}],"wp:featuredmedia":[{"embeddable":true,"href":"https:\/\/smfoods.pt\/loja\/wp-json\/wp\/v2\/media\/72373"}],"wp:attachment":[{"href":"https:\/\/smfoods.pt\/loja\/wp-json\/wp\/v2\/media?parent=72375"}],"wp:term":[{"taxonomy":"product_cat","embeddable":true,"href":"https:\/\/smfoods.pt\/loja\/wp-json\/wp\/v2\/product_cat?post=72375"},{"taxonomy":"product_tag","embeddable":true,"href":"https:\/\/smfoods.pt\/loja\/wp-json\/wp\/v2\/product_tag?post=72375"}],"curies":[{"name":"wp","href":"https:\/\/api.w.org\/{rel}","templated":true}]}}