
{"id":72377,"date":"2024-03-04T15:10:41","date_gmt":"2024-03-04T15:10:41","guid":{"rendered":"https:\/\/smfoods.pt\/loja\/produto\/1649-bocados-ananas-calda-dihor-3050gr-1840gr-pe\/"},"modified":"2024-03-04T15:10:41","modified_gmt":"2024-03-04T15:10:41","slug":"1649-bocados-ananas-calda-dihor-3050gr-1840gr-pe","status":"publish","type":"product","link":"https:\/\/smfoods.pt\/loja\/produto\/1649-bocados-ananas-calda-dihor-3050gr-1840gr-pe\/","title":{"rendered":"Bocados Ananas Calda DIHOR 3050gr (1840gr PE)"},"content":{"rendered":"<p><strong>Observa\u00e7\u00f5es: <\/strong>Peda\u00e7os de anan\u00e1s em calda ideal para pizza e todo o tipo de aplica\u00e7\u00f5es.<br \/>\nOrigem: Tail\u00e2ndia<\/p>\n<p>Ingredientes: Anan\u00e1s, \u00e1gua, a\u00e7\u00facar e \u00e1cido critrico.<\/p>\n","protected":false},"excerpt":{"rendered":"<p>Observa\u00e7\u00f5es: Peda\u00e7os de anan\u00e1s em calda ideal para pizza e todo o tipo de aplica\u00e7\u00f5es. Origem: Tail\u00e2ndia Ingredientes: Anan\u00e1s, \u00e1gua, a\u00e7\u00facar e \u00e1cido critrico.<\/p>\n","protected":false},"featured_media":72376,"template":"","meta":[],"product_cat":[2944],"product_tag":[],"class_list":{"0":"post-72377","1":"product","2":"type-product","3":"status-publish","4":"has-post-thumbnail","6":"product_cat-restauracao-enlatados","8":"first","9":"instock","10":"taxable","11":"shipping-taxable","12":"product-type-simple","13":"add-to-wishlist-before_image","14":"col-xs-6 col-sm-4","15":"col-md-3 col-lg-3","16":"un-4-cols"},"_links":{"self":[{"href":"https:\/\/smfoods.pt\/loja\/wp-json\/wp\/v2\/product\/72377","targetHints":{"allow":["GET"]}}],"collection":[{"href":"https:\/\/smfoods.pt\/loja\/wp-json\/wp\/v2\/product"}],"about":[{"href":"https:\/\/smfoods.pt\/loja\/wp-json\/wp\/v2\/types\/product"}],"version-history":[{"count":0,"href":"https:\/\/smfoods.pt\/loja\/wp-json\/wp\/v2\/product\/72377\/revisions"}],"wp:featuredmedia":[{"embeddable":true,"href":"https:\/\/smfoods.pt\/loja\/wp-json\/wp\/v2\/media\/72376"}],"wp:attachment":[{"href":"https:\/\/smfoods.pt\/loja\/wp-json\/wp\/v2\/media?parent=72377"}],"wp:term":[{"taxonomy":"product_cat","embeddable":true,"href":"https:\/\/smfoods.pt\/loja\/wp-json\/wp\/v2\/product_cat?post=72377"},{"taxonomy":"product_tag","embeddable":true,"href":"https:\/\/smfoods.pt\/loja\/wp-json\/wp\/v2\/product_tag?post=72377"}],"curies":[{"name":"wp","href":"https:\/\/api.w.org\/{rel}","templated":true}]}}