
{"id":72381,"date":"2024-03-04T15:10:54","date_gmt":"2024-03-04T15:10:54","guid":{"rendered":"https:\/\/smfoods.pt\/loja\/produto\/205190-macarrons-decoracao-de-acucar-cores-sortidas-72-unidades\/"},"modified":"2024-03-04T15:10:54","modified_gmt":"2024-03-04T15:10:54","slug":"205190-macarrons-decoracao-de-acucar-cores-sortidas-72-unidades","status":"publish","type":"product","link":"https:\/\/smfoods.pt\/loja\/produto\/205190-macarrons-decoracao-de-acucar-cores-sortidas-72-unidades\/","title":{"rendered":"Macarrons Decora\u00e7\u00e3o de A\u00e7\u00facar Cores Sortidas 72 unidades"},"content":{"rendered":"<p><strong>Observa\u00e7\u00f5es: <\/strong>\u00d830mm<br \/>\nIngredientes : Am\u00eandoas, A\u00e7\u00facar, Concentrado de C\u00e1rtamo,<br \/>\nConcentrado de Espirulina, Concentrado de Beterraba,<br \/>\nXarope de Glicose, Prote\u00edna de Arroz<\/p>\n","protected":false},"excerpt":{"rendered":"<p>Observa\u00e7\u00f5es: \u00d830mm Ingredientes : Am\u00eandoas, A\u00e7\u00facar, Concentrado de C\u00e1rtamo, Concentrado de Espirulina, Concentrado de Beterraba, Xarope de Glicose, Prote\u00edna de Arroz<\/p>\n","protected":false},"featured_media":72379,"template":"","meta":[],"product_cat":[2950],"product_tag":[],"class_list":{"0":"post-72381","1":"product","2":"type-product","3":"status-publish","4":"has-post-thumbnail","6":"product_cat-pastelaria-flores-e-decoracoes","8":"first","9":"instock","10":"taxable","11":"shipping-taxable","12":"product-type-simple","13":"add-to-wishlist-before_image","14":"col-xs-6 col-sm-4","15":"col-md-3 col-lg-3","16":"un-4-cols"},"_links":{"self":[{"href":"https:\/\/smfoods.pt\/loja\/wp-json\/wp\/v2\/product\/72381","targetHints":{"allow":["GET"]}}],"collection":[{"href":"https:\/\/smfoods.pt\/loja\/wp-json\/wp\/v2\/product"}],"about":[{"href":"https:\/\/smfoods.pt\/loja\/wp-json\/wp\/v2\/types\/product"}],"version-history":[{"count":0,"href":"https:\/\/smfoods.pt\/loja\/wp-json\/wp\/v2\/product\/72381\/revisions"}],"wp:featuredmedia":[{"embeddable":true,"href":"https:\/\/smfoods.pt\/loja\/wp-json\/wp\/v2\/media\/72379"}],"wp:attachment":[{"href":"https:\/\/smfoods.pt\/loja\/wp-json\/wp\/v2\/media?parent=72381"}],"wp:term":[{"taxonomy":"product_cat","embeddable":true,"href":"https:\/\/smfoods.pt\/loja\/wp-json\/wp\/v2\/product_cat?post=72381"},{"taxonomy":"product_tag","embeddable":true,"href":"https:\/\/smfoods.pt\/loja\/wp-json\/wp\/v2\/product_tag?post=72381"}],"curies":[{"name":"wp","href":"https:\/\/api.w.org\/{rel}","templated":true}]}}