
{"id":72441,"date":"2024-03-04T15:13:48","date_gmt":"2024-03-04T15:13:48","guid":{"rendered":"https:\/\/smfoods.pt\/loja\/produto\/216004501-peito-de-frango-congelado-15kg\/"},"modified":"2024-03-04T15:13:48","modified_gmt":"2024-03-04T15:13:48","slug":"216004501-peito-de-frango-congelado-15kg","status":"publish","type":"product","link":"https:\/\/smfoods.pt\/loja\/produto\/216004501-peito-de-frango-congelado-15kg\/","title":{"rendered":"Peito de Frango Congelado 15Kg"},"content":{"rendered":"<p><strong>Observa\u00e7\u00f5es: <\/strong>Origem: Ucr\u00e2nia<\/p>\n","protected":false},"excerpt":{"rendered":"<p>Observa\u00e7\u00f5es: Origem: Ucr\u00e2nia<\/p>\n","protected":false},"featured_media":72440,"template":"","meta":[],"product_cat":[2934,2922],"product_tag":[],"class_list":{"0":"post-72441","1":"product","2":"type-product","3":"status-publish","4":"has-post-thumbnail","6":"product_cat-restauracao-carnes","7":"product_cat-restauracao-novidades","9":"first","10":"instock","11":"taxable","12":"shipping-taxable","13":"product-type-simple","14":"add-to-wishlist-before_image","15":"col-xs-6 col-sm-4","16":"col-md-3 col-lg-3","17":"un-4-cols"},"_links":{"self":[{"href":"https:\/\/smfoods.pt\/loja\/wp-json\/wp\/v2\/product\/72441","targetHints":{"allow":["GET"]}}],"collection":[{"href":"https:\/\/smfoods.pt\/loja\/wp-json\/wp\/v2\/product"}],"about":[{"href":"https:\/\/smfoods.pt\/loja\/wp-json\/wp\/v2\/types\/product"}],"version-history":[{"count":0,"href":"https:\/\/smfoods.pt\/loja\/wp-json\/wp\/v2\/product\/72441\/revisions"}],"wp:featuredmedia":[{"embeddable":true,"href":"https:\/\/smfoods.pt\/loja\/wp-json\/wp\/v2\/media\/72440"}],"wp:attachment":[{"href":"https:\/\/smfoods.pt\/loja\/wp-json\/wp\/v2\/media?parent=72441"}],"wp:term":[{"taxonomy":"product_cat","embeddable":true,"href":"https:\/\/smfoods.pt\/loja\/wp-json\/wp\/v2\/product_cat?post=72441"},{"taxonomy":"product_tag","embeddable":true,"href":"https:\/\/smfoods.pt\/loja\/wp-json\/wp\/v2\/product_tag?post=72441"}],"curies":[{"name":"wp","href":"https:\/\/api.w.org\/{rel}","templated":true}]}}