
{"id":72449,"date":"2024-03-04T15:14:08","date_gmt":"2024-03-04T15:14:08","guid":{"rendered":"https:\/\/smfoods.pt\/loja\/produto\/301423-azeite-saquetas-oliveira-da-serra-200x7ml\/"},"modified":"2024-03-04T15:14:08","modified_gmt":"2024-03-04T15:14:08","slug":"301423-azeite-saquetas-oliveira-da-serra-200x7ml","status":"publish","type":"product","link":"https:\/\/smfoods.pt\/loja\/produto\/301423-azeite-saquetas-oliveira-da-serra-200x7ml\/","title":{"rendered":"Azeite Saquetas Oliveira da Serra 200x7ml"},"content":{"rendered":"<p><strong>Observa\u00e7\u00f5es: <\/strong>Saquetas unidoses com abertura f\u00e1cil.<\/p>\n","protected":false},"excerpt":{"rendered":"<p>Observa\u00e7\u00f5es: Saquetas unidoses com abertura f\u00e1cil.<\/p>\n","protected":false},"featured_media":72448,"template":"","meta":[],"product_cat":[2976],"product_tag":[],"class_list":{"0":"post-72449","1":"product","2":"type-product","3":"status-publish","4":"has-post-thumbnail","6":"product_cat-restauracao-molhos-e-temperos","8":"first","9":"instock","10":"taxable","11":"shipping-taxable","12":"product-type-simple","13":"add-to-wishlist-before_image","14":"col-xs-6 col-sm-4","15":"col-md-3 col-lg-3","16":"un-4-cols"},"_links":{"self":[{"href":"https:\/\/smfoods.pt\/loja\/wp-json\/wp\/v2\/product\/72449","targetHints":{"allow":["GET"]}}],"collection":[{"href":"https:\/\/smfoods.pt\/loja\/wp-json\/wp\/v2\/product"}],"about":[{"href":"https:\/\/smfoods.pt\/loja\/wp-json\/wp\/v2\/types\/product"}],"version-history":[{"count":0,"href":"https:\/\/smfoods.pt\/loja\/wp-json\/wp\/v2\/product\/72449\/revisions"}],"wp:featuredmedia":[{"embeddable":true,"href":"https:\/\/smfoods.pt\/loja\/wp-json\/wp\/v2\/media\/72448"}],"wp:attachment":[{"href":"https:\/\/smfoods.pt\/loja\/wp-json\/wp\/v2\/media?parent=72449"}],"wp:term":[{"taxonomy":"product_cat","embeddable":true,"href":"https:\/\/smfoods.pt\/loja\/wp-json\/wp\/v2\/product_cat?post=72449"},{"taxonomy":"product_tag","embeddable":true,"href":"https:\/\/smfoods.pt\/loja\/wp-json\/wp\/v2\/product_tag?post=72449"}],"curies":[{"name":"wp","href":"https:\/\/api.w.org\/{rel}","templated":true}]}}