
{"id":72469,"date":"2024-03-04T15:14:58","date_gmt":"2024-03-04T15:14:58","guid":{"rendered":"https:\/\/smfoods.pt\/loja\/produto\/141104-acucar-em-po-baunilhado-1-kg\/"},"modified":"2024-03-04T15:14:58","modified_gmt":"2024-03-04T15:14:58","slug":"141104-acucar-em-po-baunilhado-1-kg","status":"publish","type":"product","link":"https:\/\/smfoods.pt\/loja\/produto\/141104-acucar-em-po-baunilhado-1-kg\/","title":{"rendered":"A\u00e7ucar em P\u00f3 Baunilhado 1 Kg"},"content":{"rendered":"<p><strong>Observa\u00e7\u00f5es: <\/strong>A\u00e7ucar com aroma a baunilha.<br \/>\nIngredientes: A\u00e7ucar em p\u00f3 e aroma a baunilha.<\/p>\n","protected":false},"excerpt":{"rendered":"<p>Observa\u00e7\u00f5es: A\u00e7ucar com aroma a baunilha. Ingredientes: A\u00e7ucar em p\u00f3 e aroma a baunilha.<\/p>\n","protected":false},"featured_media":72468,"template":"","meta":[],"product_cat":[3080],"product_tag":[],"class_list":{"0":"post-72469","1":"product","2":"type-product","3":"status-publish","4":"has-post-thumbnail","6":"product_cat-pastelaria-acucares-outro-acucares","8":"first","9":"instock","10":"sale","11":"taxable","12":"shipping-taxable","13":"product-type-simple","14":"add-to-wishlist-before_image","15":"col-xs-6 col-sm-4","16":"col-md-3 col-lg-3","17":"un-4-cols"},"_links":{"self":[{"href":"https:\/\/smfoods.pt\/loja\/wp-json\/wp\/v2\/product\/72469","targetHints":{"allow":["GET"]}}],"collection":[{"href":"https:\/\/smfoods.pt\/loja\/wp-json\/wp\/v2\/product"}],"about":[{"href":"https:\/\/smfoods.pt\/loja\/wp-json\/wp\/v2\/types\/product"}],"version-history":[{"count":0,"href":"https:\/\/smfoods.pt\/loja\/wp-json\/wp\/v2\/product\/72469\/revisions"}],"wp:featuredmedia":[{"embeddable":true,"href":"https:\/\/smfoods.pt\/loja\/wp-json\/wp\/v2\/media\/72468"}],"wp:attachment":[{"href":"https:\/\/smfoods.pt\/loja\/wp-json\/wp\/v2\/media?parent=72469"}],"wp:term":[{"taxonomy":"product_cat","embeddable":true,"href":"https:\/\/smfoods.pt\/loja\/wp-json\/wp\/v2\/product_cat?post=72469"},{"taxonomy":"product_tag","embeddable":true,"href":"https:\/\/smfoods.pt\/loja\/wp-json\/wp\/v2\/product_tag?post=72469"}],"curies":[{"name":"wp","href":"https:\/\/api.w.org\/{rel}","templated":true}]}}