
{"id":72473,"date":"2024-03-04T15:15:14","date_gmt":"2024-03-04T15:15:14","guid":{"rendered":"https:\/\/smfoods.pt\/loja\/produto\/12108412-krumiri-bistefani-kit\/"},"modified":"2024-03-04T15:15:14","modified_gmt":"2024-03-04T15:15:14","slug":"12108412-krumiri-bistefani-kit","status":"publish","type":"product","link":"https:\/\/smfoods.pt\/loja\/produto\/12108412-krumiri-bistefani-kit\/","title":{"rendered":"KRUMIRI BISTEFANI KIT"},"content":{"rendered":"<p><strong>Observa\u00e7\u00f5es: <\/strong>Kit constituido por Balde (que \u00e9 pasta e variegato) + Bolachas<\/p>\n","protected":false},"excerpt":{"rendered":"<p>Observa\u00e7\u00f5es: Kit constituido por Balde (que \u00e9 pasta e variegato) + Bolachas<\/p>\n","protected":false},"featured_media":72471,"template":"","meta":[],"product_cat":[2972,2916],"product_tag":[],"class_list":{"0":"post-72473","1":"product","2":"type-product","3":"status-publish","4":"has-post-thumbnail","6":"product_cat-gelataria-mixes","7":"product_cat-gelataria-novidades","9":"first","10":"onbackorder","11":"taxable","12":"shipping-taxable","13":"product-type-simple","14":"add-to-wishlist-before_image","15":"col-xs-6 col-sm-4","16":"col-md-3 col-lg-3","17":"un-4-cols"},"_links":{"self":[{"href":"https:\/\/smfoods.pt\/loja\/wp-json\/wp\/v2\/product\/72473","targetHints":{"allow":["GET"]}}],"collection":[{"href":"https:\/\/smfoods.pt\/loja\/wp-json\/wp\/v2\/product"}],"about":[{"href":"https:\/\/smfoods.pt\/loja\/wp-json\/wp\/v2\/types\/product"}],"version-history":[{"count":0,"href":"https:\/\/smfoods.pt\/loja\/wp-json\/wp\/v2\/product\/72473\/revisions"}],"wp:featuredmedia":[{"embeddable":true,"href":"https:\/\/smfoods.pt\/loja\/wp-json\/wp\/v2\/media\/72471"}],"wp:attachment":[{"href":"https:\/\/smfoods.pt\/loja\/wp-json\/wp\/v2\/media?parent=72473"}],"wp:term":[{"taxonomy":"product_cat","embeddable":true,"href":"https:\/\/smfoods.pt\/loja\/wp-json\/wp\/v2\/product_cat?post=72473"},{"taxonomy":"product_tag","embeddable":true,"href":"https:\/\/smfoods.pt\/loja\/wp-json\/wp\/v2\/product_tag?post=72473"}],"curies":[{"name":"wp","href":"https:\/\/api.w.org\/{rel}","templated":true}]}}