
{"id":72487,"date":"2024-03-04T15:16:06","date_gmt":"2024-03-04T15:16:06","guid":{"rendered":"https:\/\/smfoods.pt\/loja\/produto\/133762-sumo-laranja-bionde-1-kg\/"},"modified":"2024-03-04T15:16:06","modified_gmt":"2024-03-04T15:16:06","slug":"133762-sumo-laranja-bionde-1-kg","status":"publish","type":"product","link":"https:\/\/smfoods.pt\/loja\/produto\/133762-sumo-laranja-bionde-1-kg\/","title":{"rendered":"Sumo Laranja Bionde 1 Kg"},"content":{"rendered":"<p><strong>Observa\u00e7\u00f5es: <\/strong>Sumo Laranja Ideal para consumo direto ou produ\u00e7\u00e3o de gelados.<br \/>\nCaixa master com 6.<\/p>\n","protected":false},"excerpt":{"rendered":"<p>Observa\u00e7\u00f5es: Sumo Laranja Ideal para consumo direto ou produ\u00e7\u00e3o de gelados. Caixa master com 6.<\/p>\n","protected":false},"featured_media":72486,"template":"","meta":[],"product_cat":[2928,2991,2990,2992,2989],"product_tag":[],"class_list":{"0":"post-72487","1":"product","2":"type-product","3":"status-publish","4":"has-post-thumbnail","6":"product_cat-restauracao-bebidas","7":"product_cat-pastelaria-pures-de-frura","8":"product_cat-gelataria-pures-de-fruta","9":"product_cat-restauracao-pures-de-fruta","10":"product_cat-frozen-pures-de-fruta","12":"first","13":"onbackorder","14":"taxable","15":"shipping-taxable","16":"product-type-simple","17":"add-to-wishlist-before_image","18":"col-xs-6 col-sm-4","19":"col-md-3 col-lg-3","20":"un-4-cols"},"_links":{"self":[{"href":"https:\/\/smfoods.pt\/loja\/wp-json\/wp\/v2\/product\/72487","targetHints":{"allow":["GET"]}}],"collection":[{"href":"https:\/\/smfoods.pt\/loja\/wp-json\/wp\/v2\/product"}],"about":[{"href":"https:\/\/smfoods.pt\/loja\/wp-json\/wp\/v2\/types\/product"}],"version-history":[{"count":0,"href":"https:\/\/smfoods.pt\/loja\/wp-json\/wp\/v2\/product\/72487\/revisions"}],"wp:featuredmedia":[{"embeddable":true,"href":"https:\/\/smfoods.pt\/loja\/wp-json\/wp\/v2\/media\/72486"}],"wp:attachment":[{"href":"https:\/\/smfoods.pt\/loja\/wp-json\/wp\/v2\/media?parent=72487"}],"wp:term":[{"taxonomy":"product_cat","embeddable":true,"href":"https:\/\/smfoods.pt\/loja\/wp-json\/wp\/v2\/product_cat?post=72487"},{"taxonomy":"product_tag","embeddable":true,"href":"https:\/\/smfoods.pt\/loja\/wp-json\/wp\/v2\/product_tag?post=72487"}],"curies":[{"name":"wp","href":"https:\/\/api.w.org\/{rel}","templated":true}]}}