
{"id":72491,"date":"2024-03-04T15:16:24","date_gmt":"2024-03-04T15:16:24","guid":{"rendered":"https:\/\/smfoods.pt\/loja\/produto\/545003-choco-transfer-21x297cm-25-folhas\/"},"modified":"2024-03-04T15:16:24","modified_gmt":"2024-03-04T15:16:24","slug":"545003-choco-transfer-21x297cm-25-folhas","status":"publish","type":"product","link":"https:\/\/smfoods.pt\/loja\/produto\/545003-choco-transfer-21x297cm-25-folhas\/","title":{"rendered":"Choco Transfer 21&#215;29,7cm (25 Folhas)"},"content":{"rendered":"<p><strong>Observa\u00e7\u00f5es: <\/strong>Ingredientes: Aromas, A\u00e7\u00facar, Manteiga de cacau<br \/>\nCorantes: E170<br \/>\nAmido modificado: E1412, E1422<br \/>\nHumectante: E422<br \/>\nEmulgentes: E322, E435<br \/>\nEstabilizantes: E414, E460i<\/p>\n","protected":false},"excerpt":{"rendered":"<p>Observa\u00e7\u00f5es: Ingredientes: Aromas, A\u00e7\u00facar, Manteiga de cacau Corantes: E170 Amido modificado: E1412, E1422 Humectante: E422 Emulgentes: E322, E435 Estabilizantes: E414, E460i<\/p>\n","protected":false},"featured_media":72490,"template":"","meta":[],"product_cat":[3020],"product_tag":[],"class_list":{"0":"post-72491","1":"product","2":"type-product","3":"status-publish","4":"has-post-thumbnail","6":"product_cat-pastelaria-utensilios-impressao-alimentar","8":"first","9":"onbackorder","10":"taxable","11":"shipping-taxable","12":"product-type-simple","13":"add-to-wishlist-before_image","14":"col-xs-6 col-sm-4","15":"col-md-3 col-lg-3","16":"un-4-cols"},"_links":{"self":[{"href":"https:\/\/smfoods.pt\/loja\/wp-json\/wp\/v2\/product\/72491","targetHints":{"allow":["GET"]}}],"collection":[{"href":"https:\/\/smfoods.pt\/loja\/wp-json\/wp\/v2\/product"}],"about":[{"href":"https:\/\/smfoods.pt\/loja\/wp-json\/wp\/v2\/types\/product"}],"version-history":[{"count":0,"href":"https:\/\/smfoods.pt\/loja\/wp-json\/wp\/v2\/product\/72491\/revisions"}],"wp:featuredmedia":[{"embeddable":true,"href":"https:\/\/smfoods.pt\/loja\/wp-json\/wp\/v2\/media\/72490"}],"wp:attachment":[{"href":"https:\/\/smfoods.pt\/loja\/wp-json\/wp\/v2\/media?parent=72491"}],"wp:term":[{"taxonomy":"product_cat","embeddable":true,"href":"https:\/\/smfoods.pt\/loja\/wp-json\/wp\/v2\/product_cat?post=72491"},{"taxonomy":"product_tag","embeddable":true,"href":"https:\/\/smfoods.pt\/loja\/wp-json\/wp\/v2\/product_tag?post=72491"}],"curies":[{"name":"wp","href":"https:\/\/api.w.org\/{rel}","templated":true}]}}