
{"id":72527,"date":"2024-03-04T15:17:56","date_gmt":"2024-03-04T15:17:56","guid":{"rendered":"https:\/\/smfoods.pt\/loja\/produto\/30104-petit-gateau-de-chocolate-dihor-12x80gr\/"},"modified":"2024-03-04T15:17:56","modified_gmt":"2024-03-04T15:17:56","slug":"30104-petit-gateau-de-chocolate-dihor-12x80gr","status":"publish","type":"product","link":"https:\/\/smfoods.pt\/loja\/produto\/30104-petit-gateau-de-chocolate-dihor-12x80gr\/","title":{"rendered":"Petit Gateau de Chocolate DIHOR 12x80gr"},"content":{"rendered":"<p><strong>Observa\u00e7\u00f5es: <\/strong>Modo de Prepara\u00e7\u00e3o: colocar directamente do congelador no micro-ondas 30 segundos.<\/p>\n","protected":false},"excerpt":{"rendered":"<p>Observa\u00e7\u00f5es: Modo de Prepara\u00e7\u00e3o: colocar directamente do congelador no micro-ondas 30 segundos.<\/p>\n","protected":false},"featured_media":72526,"template":"","meta":[],"product_cat":[3045,2922],"product_tag":[],"class_list":{"0":"post-72527","1":"product","2":"type-product","3":"status-publish","4":"has-post-thumbnail","6":"product_cat-frozen-bolos-bolos-variados","7":"product_cat-restauracao-novidades","9":"first","10":"instock","11":"taxable","12":"shipping-taxable","13":"product-type-simple","14":"add-to-wishlist-before_image","15":"col-xs-6 col-sm-4","16":"col-md-3 col-lg-3","17":"un-4-cols"},"_links":{"self":[{"href":"https:\/\/smfoods.pt\/loja\/wp-json\/wp\/v2\/product\/72527","targetHints":{"allow":["GET"]}}],"collection":[{"href":"https:\/\/smfoods.pt\/loja\/wp-json\/wp\/v2\/product"}],"about":[{"href":"https:\/\/smfoods.pt\/loja\/wp-json\/wp\/v2\/types\/product"}],"version-history":[{"count":0,"href":"https:\/\/smfoods.pt\/loja\/wp-json\/wp\/v2\/product\/72527\/revisions"}],"wp:featuredmedia":[{"embeddable":true,"href":"https:\/\/smfoods.pt\/loja\/wp-json\/wp\/v2\/media\/72526"}],"wp:attachment":[{"href":"https:\/\/smfoods.pt\/loja\/wp-json\/wp\/v2\/media?parent=72527"}],"wp:term":[{"taxonomy":"product_cat","embeddable":true,"href":"https:\/\/smfoods.pt\/loja\/wp-json\/wp\/v2\/product_cat?post=72527"},{"taxonomy":"product_tag","embeddable":true,"href":"https:\/\/smfoods.pt\/loja\/wp-json\/wp\/v2\/product_tag?post=72527"}],"curies":[{"name":"wp","href":"https:\/\/api.w.org\/{rel}","templated":true}]}}