
{"id":72626,"date":"2024-03-04T15:23:47","date_gmt":"2024-03-04T15:23:47","guid":{"rendered":"https:\/\/smfoods.pt\/loja\/produto\/205182-decoracao-acucar-halloween-18-unid\/"},"modified":"2024-03-04T15:23:47","modified_gmt":"2024-03-04T15:23:47","slug":"205182-decoracao-acucar-halloween-18-unid","status":"publish","type":"product","link":"https:\/\/smfoods.pt\/loja\/produto\/205182-decoracao-acucar-halloween-18-unid\/","title":{"rendered":"Decora\u00e7\u00e3o A\u00e7ucar Halloween 18 unid"},"content":{"rendered":"","protected":false},"excerpt":{"rendered":"","protected":false},"featured_media":72625,"template":"","meta":[],"product_cat":[3066,2921],"product_tag":[],"class_list":{"0":"post-72626","1":"product","2":"type-product","3":"status-publish","4":"has-post-thumbnail","6":"product_cat-pastelaria-flores-e-decoracoes-halloween","7":"product_cat-pastelaria-novidades","9":"first","10":"onbackorder","11":"taxable","12":"shipping-taxable","13":"product-type-simple","14":"add-to-wishlist-before_image","15":"col-xs-6 col-sm-4","16":"col-md-3 col-lg-3","17":"un-4-cols"},"_links":{"self":[{"href":"https:\/\/smfoods.pt\/loja\/wp-json\/wp\/v2\/product\/72626","targetHints":{"allow":["GET"]}}],"collection":[{"href":"https:\/\/smfoods.pt\/loja\/wp-json\/wp\/v2\/product"}],"about":[{"href":"https:\/\/smfoods.pt\/loja\/wp-json\/wp\/v2\/types\/product"}],"version-history":[{"count":0,"href":"https:\/\/smfoods.pt\/loja\/wp-json\/wp\/v2\/product\/72626\/revisions"}],"wp:featuredmedia":[{"embeddable":true,"href":"https:\/\/smfoods.pt\/loja\/wp-json\/wp\/v2\/media\/72625"}],"wp:attachment":[{"href":"https:\/\/smfoods.pt\/loja\/wp-json\/wp\/v2\/media?parent=72626"}],"wp:term":[{"taxonomy":"product_cat","embeddable":true,"href":"https:\/\/smfoods.pt\/loja\/wp-json\/wp\/v2\/product_cat?post=72626"},{"taxonomy":"product_tag","embeddable":true,"href":"https:\/\/smfoods.pt\/loja\/wp-json\/wp\/v2\/product_tag?post=72626"}],"curies":[{"name":"wp","href":"https:\/\/api.w.org\/{rel}","templated":true}]}}