
{"id":72628,"date":"2024-03-04T15:23:51","date_gmt":"2024-03-04T15:23:51","guid":{"rendered":"https:\/\/smfoods.pt\/loja\/produto\/124804-colher-gelado-compostable-reutilizavel-95cm-coloridas-1kg\/"},"modified":"2024-03-04T15:23:51","modified_gmt":"2024-03-04T15:23:51","slug":"124804-colher-gelado-compostable-reutilizavel-95cm-coloridas-1kg","status":"publish","type":"product","link":"https:\/\/smfoods.pt\/loja\/produto\/124804-colher-gelado-compostable-reutilizavel-95cm-coloridas-1kg\/","title":{"rendered":"Colher Gelado Compostable-Reutiliz\u00e1vel 9,5cm (Coloridas) 1Kg"},"content":{"rendered":"<p><strong>Observa\u00e7\u00f5es: <\/strong>Caixa Master 10&#215;1 Kg<\/p>\n","protected":false},"excerpt":{"rendered":"<p>Observa\u00e7\u00f5es: Caixa Master 10&#215;1 Kg<\/p>\n","protected":false},"featured_media":72627,"template":"","meta":[],"product_cat":[2943],"product_tag":[],"class_list":{"0":"post-72628","1":"product","2":"type-product","3":"status-publish","4":"has-post-thumbnail","6":"product_cat-gelataria-embalagens","8":"first","9":"instock","10":"taxable","11":"shipping-taxable","12":"product-type-simple","13":"add-to-wishlist-before_image","14":"col-xs-6 col-sm-4","15":"col-md-3 col-lg-3","16":"un-4-cols"},"_links":{"self":[{"href":"https:\/\/smfoods.pt\/loja\/wp-json\/wp\/v2\/product\/72628","targetHints":{"allow":["GET"]}}],"collection":[{"href":"https:\/\/smfoods.pt\/loja\/wp-json\/wp\/v2\/product"}],"about":[{"href":"https:\/\/smfoods.pt\/loja\/wp-json\/wp\/v2\/types\/product"}],"version-history":[{"count":0,"href":"https:\/\/smfoods.pt\/loja\/wp-json\/wp\/v2\/product\/72628\/revisions"}],"wp:featuredmedia":[{"embeddable":true,"href":"https:\/\/smfoods.pt\/loja\/wp-json\/wp\/v2\/media\/72627"}],"wp:attachment":[{"href":"https:\/\/smfoods.pt\/loja\/wp-json\/wp\/v2\/media?parent=72628"}],"wp:term":[{"taxonomy":"product_cat","embeddable":true,"href":"https:\/\/smfoods.pt\/loja\/wp-json\/wp\/v2\/product_cat?post=72628"},{"taxonomy":"product_tag","embeddable":true,"href":"https:\/\/smfoods.pt\/loja\/wp-json\/wp\/v2\/product_tag?post=72628"}],"curies":[{"name":"wp","href":"https:\/\/api.w.org\/{rel}","templated":true}]}}